{"id":1524,"date":"2020-11-04T18:37:21","date_gmt":"2020-11-04T18:37:21","guid":{"rendered":"https:\/\/www.estudiarcocinaygastronomia.com\/?page_id=1524"},"modified":"2020-11-05T15:22:06","modified_gmt":"2020-11-05T15:22:06","slug":"receta-ensalada-nizarda-casera","status":"publish","type":"page","link":"https:\/\/www.estudiarcocinaygastronomia.com\/index.php\/ensaladas\/receta-ensalada-nizarda-casera\/","title":{"rendered":"Ensalada Nizarda"},"content":{"rendered":"\n<p><em>Nizarda en gastronom\u00eda se denomina a una ensalada t\u00edpica de la regi\u00f3n de Niza.<\/em><\/p>\n\n\n\n<figure class=\"wp-block-image size-large\"><img loading=\"lazy\" decoding=\"async\" width=\"1024\" height=\"1024\" src=\"https:\/\/www.estudiarcocinaygastronomia.com\/wp-content\/uploads\/2020\/11\/IMG_0949-COLLAGE-1024x1024.jpg\" alt=\"\" class=\"wp-image-1566\" srcset=\"https:\/\/www.estudiarcocinaygastronomia.com\/wp-content\/uploads\/2020\/11\/IMG_0949-COLLAGE-1024x1024.jpg 1024w, https:\/\/www.estudiarcocinaygastronomia.com\/wp-content\/uploads\/2020\/11\/IMG_0949-COLLAGE-300x300.jpg 300w, https:\/\/www.estudiarcocinaygastronomia.com\/wp-content\/uploads\/2020\/11\/IMG_0949-COLLAGE-150x150.jpg 150w, https:\/\/www.estudiarcocinaygastronomia.com\/wp-content\/uploads\/2020\/11\/IMG_0949-COLLAGE-768x768.jpg 768w, https:\/\/www.estudiarcocinaygastronomia.com\/wp-content\/uploads\/2020\/11\/IMG_0949-COLLAGE-1536x1536.jpg 1536w, https:\/\/www.estudiarcocinaygastronomia.com\/wp-content\/uploads\/2020\/11\/IMG_0949-COLLAGE-100x100.jpg 100w, https:\/\/www.estudiarcocinaygastronomia.com\/wp-content\/uploads\/2020\/11\/IMG_0949-COLLAGE.jpg 2047w\" sizes=\"auto, (max-width: 706px) 89vw, (max-width: 767px) 82vw, 740px\" \/><figcaption>Ingredientes de la ensalada Nizarda<\/figcaption><\/figure>\n\n\n\n<p>\ud83e\udd66 INGREDIENTES ensalada <strong>Nizarda<\/strong><br>650 g.Jud\u00edas verdes tipo Helda.                                                                                                                          800 g. Patatas.<br>2 ud. Huevos.<br>1 ud. Pimiento rojo.<br>1 ud. Lechuga tipo Romana. C\/S Salsa Vinagreta.<br>650 g. Tomate tipo Raff o Valenciano.<br>C\/S Aceitunas negras deshuesadas 16 filetes Anchoas.<br>250 g. At\u00fan en aceite o tambi\u00e9n se puede elaborar la Nizarda con salm\u00f3n.<br>C\/S Perejil.<\/p>\n\n\n\n<p>Lavar la lechuga y cortar en<a href=\"https:\/\/www.estudiarcocinaygastronomia.com\/index.php\/2020\/04\/07\/tipos-de-corte-en-verduras\/\" target=\"_blank\" rel=\"noreferrer noopener\"> juliana<\/a>. <a href=\"https:\/\/www.estudiarcocinaygastronomia.com\/index.php\/2020\/04\/07\/tipos-de-corte-en-verduras\/\" target=\"_blank\" rel=\"noreferrer noopener\">TIPOS DE CORTE<\/a><\/p>\n\n\n\n<p>Reservar en fr\u00edo tapada con un pa\u00f1o humedecido.<\/p>\n\n\n\n<p><br>Lavar las patatas, cocerlas partiendo de agua fr\u00eda sin sal y sin pelar. Extraer, refrescar, pelar y <a href=\"https:\/\/www.estudiarcocinaygastronomia.com\/index.php\/2020\/04\/07\/tipos-de-corte-en-verduras\/\" target=\"_blank\" rel=\"noreferrer noopener\">cortar en rodajas de 1cm<\/a> con cuidado de no deshacerlas.<\/p>\n\n\n\n<p><br>Escaldar el tomate o pelarlo a vivo, cortarlo en rodajas.<\/p>\n\n\n\n<p><br>Lavar y cortar en rombos o en <a href=\"https:\/\/www.estudiarcocinaygastronomia.com\/index.php\/2020\/04\/07\/tipos-de-corte-en-verduras\/\" target=\"_blank\" rel=\"noreferrer noopener\">juliana<\/a> la jud\u00eda verde. Cocer a la <a href=\"https:\/\/www.estudiarcocinaygastronomia.com\/index.php\/2020\/02\/24\/coccion-a-la-inglesa-medio-humedo\/\" target=\"_blank\" rel=\"noreferrer noopener\">inglesa<\/a> ( hervido ), refrescar.<\/p>\n\n\n\n<p><br>Cocer los huevos como de costumbre, 13 minutos. Refrescar, pelar y cortar en cuartos. (<a href=\"https:\/\/www.estudiarcocinaygastronomia.com\/index.php\/2020\/05\/17\/el-huevo-y-ovoproductos-en-la-cocina\/\" target=\"_blank\" rel=\"noreferrer noopener\">&nbsp;Todo sobre el huevo y sus t\u00e9cnicas de cocinado<\/a>)<\/p>\n\n\n\n<p><br>Asar el pimiento rojo, introducir en una bolsa de pl\u00e1stico, pelar, despepitar y cortar en juliana.<br><\/p>\n\n\n\n<p>Cortar las aceitunas en dos longitudinalmente y picar el perejil.<br><\/p>\n\n\n\n<p><strong>Montaje: <\/strong>colocar en el fondo de un plato trinchero una base de lechuga en juliana y, sobre \u00e9sta, cuatro rodajas de patatas en forma de abanico, hacer lo propio con tres rodajas de tomate. Colocar la jud\u00eda en forma de bouquet en un lado. Terminar el montaje con el at\u00fan en aceite, los filetes de anchoas, la juliana de pimiento asado, las aceitunas negras y 2 cuartos de huevo cocido. Aderezar con la <a href=\"https:\/\/www.estudiarcocinaygastronomia.com\/index.php\/2020\/03\/26\/emulsiones-en-la-cocina-calientes-y-frias\/\" target=\"_blank\" rel=\"noreferrer noopener\">Salsa Vinagreta<\/a> y decorar con el perejil picado.<br>Servir fr\u00eda.<\/p>\n\n\n\n<p>Tambi\u00e9n puede montarse en forma de bouquets independientes.<\/p>\n\n\n\n<p>\ud83d\udc49\ud83c\udffb <strong><a href=\"https:\/\/www.youtube.com\/watch?v=WdRWSwmuK_E&amp;list=PL3D_kDD0cdyVMqunGAI7OzJY83P9C2fK8\" target=\"_blank\" rel=\"noreferrer noopener\">AQU\u00cd<\/a><\/strong> \ud83d\udc48\ud83c\udffb  encontrar\u00e1s m\u00e1s informaci\u00f3n sobre ensaladas.<\/p>\n","protected":false},"excerpt":{"rendered":"<p>Nizarda en gastronom\u00eda se denomina a una ensalada t\u00edpica de la regi\u00f3n de Niza. \ud83e\udd66 INGREDIENTES ensalada Nizarda650 g.Jud\u00edas verdes tipo Helda. 800 g. Patatas.2 ud. Huevos.1 ud. Pimiento rojo.1 ud. Lechuga tipo Romana. C\/S Salsa Vinagreta.650 g. Tomate tipo Raff o Valenciano.C\/S Aceitunas negras deshuesadas 16 filetes Anchoas.250 g. At\u00fan en aceite o tambi\u00e9n &hellip; <\/p>\n<p class=\"link-more\"><a href=\"https:\/\/www.estudiarcocinaygastronomia.com\/index.php\/ensaladas\/receta-ensalada-nizarda-casera\/\" class=\"more-link\">Continuar leyendo<span class=\"screen-reader-text\"> \u00abEnsalada Nizarda\u00bb<\/span><\/a><\/p>\n","protected":false},"author":1,"featured_media":1567,"parent":1518,"menu_order":0,"comment_status":"closed","ping_status":"closed","template":"","meta":{"footnotes":""},"class_list":["post-1524","page","type-page","status-publish","has-post-thumbnail","hentry"],"yoast_head":"<!-- This site is optimized with the Yoast SEO plugin v23.9 - https:\/\/yoast.com\/wordpress\/plugins\/seo\/ -->\n<title>Ensalada Nizarda<\/title>\n<meta name=\"description\" content=\"Colocar en el fondo de un plato trinchero una base de lechuga en juliana y, sobre \u00e9sta, cuatro rodajas de patatas en forma de abanico, hacer lo propio con tres rodajas de tomate.\" \/>\n<meta name=\"robots\" content=\"index, follow, max-snippet:-1, max-image-preview:large, max-video-preview:-1\" \/>\n<link rel=\"canonical\" href=\"https:\/\/www.estudiarcocinaygastronomia.com\/index.php\/ensaladas\/receta-ensalada-nizarda-casera\/\" \/>\n<meta property=\"og:locale\" content=\"es_ES\" \/>\n<meta property=\"og:type\" content=\"article\" \/>\n<meta property=\"og:title\" content=\"Ensalada Nizarda\" \/>\n<meta property=\"og:description\" content=\"Colocar en el fondo de un plato trinchero una base de lechuga en juliana y, sobre \u00e9sta, cuatro rodajas de patatas en forma de abanico, hacer lo propio con tres rodajas de tomate.\" \/>\n<meta property=\"og:url\" content=\"https:\/\/www.estudiarcocinaygastronomia.com\/index.php\/ensaladas\/receta-ensalada-nizarda-casera\/\" \/>\n<meta property=\"og:site_name\" content=\"Estudiar cocina y gastronom&iacute;a.\" \/>\n<meta property=\"article:modified_time\" content=\"2020-11-05T15:22:06+00:00\" \/>\n<meta property=\"og:image\" content=\"https:\/\/www.estudiarcocinaygastronomia.com\/wp-content\/uploads\/2020\/11\/IMG_0969-scaled.jpg\" \/>\n\t<meta property=\"og:image:width\" content=\"2560\" \/>\n\t<meta property=\"og:image:height\" content=\"1920\" \/>\n\t<meta property=\"og:image:type\" content=\"image\/jpeg\" \/>\n<meta name=\"twitter:card\" content=\"summary_large_image\" \/>\n<meta name=\"twitter:label1\" content=\"Tiempo de lectura\" \/>\n\t<meta name=\"twitter:data1\" content=\"2 minutos\" \/>\n<script type=\"application\/ld+json\" class=\"yoast-schema-graph\">{\"@context\":\"https:\/\/schema.org\",\"@graph\":[{\"@type\":\"WebPage\",\"@id\":\"https:\/\/www.estudiarcocinaygastronomia.com\/index.php\/ensaladas\/receta-ensalada-nizarda-casera\/\",\"url\":\"https:\/\/www.estudiarcocinaygastronomia.com\/index.php\/ensaladas\/receta-ensalada-nizarda-casera\/\",\"name\":\"Ensalada Nizarda\",\"isPartOf\":{\"@id\":\"https:\/\/www.estudiarcocinaygastronomia.com\/#website\"},\"primaryImageOfPage\":{\"@id\":\"https:\/\/www.estudiarcocinaygastronomia.com\/index.php\/ensaladas\/receta-ensalada-nizarda-casera\/#primaryimage\"},\"image\":{\"@id\":\"https:\/\/www.estudiarcocinaygastronomia.com\/index.php\/ensaladas\/receta-ensalada-nizarda-casera\/#primaryimage\"},\"thumbnailUrl\":\"https:\/\/www.estudiarcocinaygastronomia.com\/wp-content\/uploads\/2020\/11\/IMG_0969-scaled.jpg\",\"datePublished\":\"2020-11-04T18:37:21+00:00\",\"dateModified\":\"2020-11-05T15:22:06+00:00\",\"description\":\"Colocar en el fondo de un plato trinchero una base de lechuga en juliana y, sobre \u00e9sta, cuatro rodajas de patatas en forma de abanico, hacer lo propio con tres rodajas de tomate.\",\"breadcrumb\":{\"@id\":\"https:\/\/www.estudiarcocinaygastronomia.com\/index.php\/ensaladas\/receta-ensalada-nizarda-casera\/#breadcrumb\"},\"inLanguage\":\"es\",\"potentialAction\":[{\"@type\":\"ReadAction\",\"target\":[\"https:\/\/www.estudiarcocinaygastronomia.com\/index.php\/ensaladas\/receta-ensalada-nizarda-casera\/\"]}]},{\"@type\":\"ImageObject\",\"inLanguage\":\"es\",\"@id\":\"https:\/\/www.estudiarcocinaygastronomia.com\/index.php\/ensaladas\/receta-ensalada-nizarda-casera\/#primaryimage\",\"url\":\"https:\/\/www.estudiarcocinaygastronomia.com\/wp-content\/uploads\/2020\/11\/IMG_0969-scaled.jpg\",\"contentUrl\":\"https:\/\/www.estudiarcocinaygastronomia.com\/wp-content\/uploads\/2020\/11\/IMG_0969-scaled.jpg\",\"width\":2560,\"height\":1920},{\"@type\":\"BreadcrumbList\",\"@id\":\"https:\/\/www.estudiarcocinaygastronomia.com\/index.php\/ensaladas\/receta-ensalada-nizarda-casera\/#breadcrumb\",\"itemListElement\":[{\"@type\":\"ListItem\",\"position\":1,\"name\":\"Portada\",\"item\":\"https:\/\/www.estudiarcocinaygastronomia.com\/\"},{\"@type\":\"ListItem\",\"position\":2,\"name\":\"\ud83e\udd57 Ensaladas\",\"item\":\"https:\/\/www.estudiarcocinaygastronomia.com\/index.php\/ensaladas\/\"},{\"@type\":\"ListItem\",\"position\":3,\"name\":\"Ensalada Nizarda\"}]},{\"@type\":\"WebSite\",\"@id\":\"https:\/\/www.estudiarcocinaygastronomia.com\/#website\",\"url\":\"https:\/\/www.estudiarcocinaygastronomia.com\/\",\"name\":\"Estudiar cocina y gastronom&iacute;a.\",\"description\":\"Lo mejor de la hosteler&iacute;a y m&aacute;s, a un solo click.\",\"publisher\":{\"@id\":\"https:\/\/www.estudiarcocinaygastronomia.com\/#organization\"},\"potentialAction\":[{\"@type\":\"SearchAction\",\"target\":{\"@type\":\"EntryPoint\",\"urlTemplate\":\"https:\/\/www.estudiarcocinaygastronomia.com\/?s={search_term_string}\"},\"query-input\":{\"@type\":\"PropertyValueSpecification\",\"valueRequired\":true,\"valueName\":\"search_term_string\"}}],\"inLanguage\":\"es\"},{\"@type\":\"Organization\",\"@id\":\"https:\/\/www.estudiarcocinaygastronomia.com\/#organization\",\"name\":\"Estudiar cocina y gastronom&iacute;a.\",\"url\":\"https:\/\/www.estudiarcocinaygastronomia.com\/\",\"logo\":{\"@type\":\"ImageObject\",\"inLanguage\":\"es\",\"@id\":\"https:\/\/www.estudiarcocinaygastronomia.com\/#\/schema\/logo\/image\/\",\"url\":\"https:\/\/www.estudiarcocinaygastronomia.com\/wp-content\/uploads\/2020\/02\/cropped-noname-1.png\",\"contentUrl\":\"https:\/\/www.estudiarcocinaygastronomia.com\/wp-content\/uploads\/2020\/02\/cropped-noname-1.png\",\"width\":323,\"height\":250,\"caption\":\"Estudiar cocina y gastronom&iacute;a.\"},\"image\":{\"@id\":\"https:\/\/www.estudiarcocinaygastronomia.com\/#\/schema\/logo\/image\/\"}}]}<\/script>\n<!-- \/ Yoast SEO plugin. -->","yoast_head_json":{"title":"Ensalada Nizarda","description":"Colocar en el fondo de un plato trinchero una base de lechuga en juliana y, sobre \u00e9sta, cuatro rodajas de patatas en forma de abanico, hacer lo propio con tres rodajas de tomate.","robots":{"index":"index","follow":"follow","max-snippet":"max-snippet:-1","max-image-preview":"max-image-preview:large","max-video-preview":"max-video-preview:-1"},"canonical":"https:\/\/www.estudiarcocinaygastronomia.com\/index.php\/ensaladas\/receta-ensalada-nizarda-casera\/","og_locale":"es_ES","og_type":"article","og_title":"Ensalada Nizarda","og_description":"Colocar en el fondo de un plato trinchero una base de lechuga en juliana y, sobre \u00e9sta, cuatro rodajas de patatas en forma de abanico, hacer lo propio con tres rodajas de tomate.","og_url":"https:\/\/www.estudiarcocinaygastronomia.com\/index.php\/ensaladas\/receta-ensalada-nizarda-casera\/","og_site_name":"Estudiar cocina y gastronom&iacute;a.","article_modified_time":"2020-11-05T15:22:06+00:00","og_image":[{"width":2560,"height":1920,"url":"https:\/\/www.estudiarcocinaygastronomia.com\/wp-content\/uploads\/2020\/11\/IMG_0969-scaled.jpg","type":"image\/jpeg"}],"twitter_card":"summary_large_image","twitter_misc":{"Tiempo de lectura":"2 minutos"},"schema":{"@context":"https:\/\/schema.org","@graph":[{"@type":"WebPage","@id":"https:\/\/www.estudiarcocinaygastronomia.com\/index.php\/ensaladas\/receta-ensalada-nizarda-casera\/","url":"https:\/\/www.estudiarcocinaygastronomia.com\/index.php\/ensaladas\/receta-ensalada-nizarda-casera\/","name":"Ensalada Nizarda","isPartOf":{"@id":"https:\/\/www.estudiarcocinaygastronomia.com\/#website"},"primaryImageOfPage":{"@id":"https:\/\/www.estudiarcocinaygastronomia.com\/index.php\/ensaladas\/receta-ensalada-nizarda-casera\/#primaryimage"},"image":{"@id":"https:\/\/www.estudiarcocinaygastronomia.com\/index.php\/ensaladas\/receta-ensalada-nizarda-casera\/#primaryimage"},"thumbnailUrl":"https:\/\/www.estudiarcocinaygastronomia.com\/wp-content\/uploads\/2020\/11\/IMG_0969-scaled.jpg","datePublished":"2020-11-04T18:37:21+00:00","dateModified":"2020-11-05T15:22:06+00:00","description":"Colocar en el fondo de un plato trinchero una base de lechuga en juliana y, sobre \u00e9sta, cuatro rodajas de patatas en forma de abanico, hacer lo propio con tres rodajas de tomate.","breadcrumb":{"@id":"https:\/\/www.estudiarcocinaygastronomia.com\/index.php\/ensaladas\/receta-ensalada-nizarda-casera\/#breadcrumb"},"inLanguage":"es","potentialAction":[{"@type":"ReadAction","target":["https:\/\/www.estudiarcocinaygastronomia.com\/index.php\/ensaladas\/receta-ensalada-nizarda-casera\/"]}]},{"@type":"ImageObject","inLanguage":"es","@id":"https:\/\/www.estudiarcocinaygastronomia.com\/index.php\/ensaladas\/receta-ensalada-nizarda-casera\/#primaryimage","url":"https:\/\/www.estudiarcocinaygastronomia.com\/wp-content\/uploads\/2020\/11\/IMG_0969-scaled.jpg","contentUrl":"https:\/\/www.estudiarcocinaygastronomia.com\/wp-content\/uploads\/2020\/11\/IMG_0969-scaled.jpg","width":2560,"height":1920},{"@type":"BreadcrumbList","@id":"https:\/\/www.estudiarcocinaygastronomia.com\/index.php\/ensaladas\/receta-ensalada-nizarda-casera\/#breadcrumb","itemListElement":[{"@type":"ListItem","position":1,"name":"Portada","item":"https:\/\/www.estudiarcocinaygastronomia.com\/"},{"@type":"ListItem","position":2,"name":"\ud83e\udd57 Ensaladas","item":"https:\/\/www.estudiarcocinaygastronomia.com\/index.php\/ensaladas\/"},{"@type":"ListItem","position":3,"name":"Ensalada Nizarda"}]},{"@type":"WebSite","@id":"https:\/\/www.estudiarcocinaygastronomia.com\/#website","url":"https:\/\/www.estudiarcocinaygastronomia.com\/","name":"Estudiar cocina y gastronom&iacute;a.","description":"Lo mejor de la hosteler&iacute;a y m&aacute;s, a un solo click.","publisher":{"@id":"https:\/\/www.estudiarcocinaygastronomia.com\/#organization"},"potentialAction":[{"@type":"SearchAction","target":{"@type":"EntryPoint","urlTemplate":"https:\/\/www.estudiarcocinaygastronomia.com\/?s={search_term_string}"},"query-input":{"@type":"PropertyValueSpecification","valueRequired":true,"valueName":"search_term_string"}}],"inLanguage":"es"},{"@type":"Organization","@id":"https:\/\/www.estudiarcocinaygastronomia.com\/#organization","name":"Estudiar cocina y gastronom&iacute;a.","url":"https:\/\/www.estudiarcocinaygastronomia.com\/","logo":{"@type":"ImageObject","inLanguage":"es","@id":"https:\/\/www.estudiarcocinaygastronomia.com\/#\/schema\/logo\/image\/","url":"https:\/\/www.estudiarcocinaygastronomia.com\/wp-content\/uploads\/2020\/02\/cropped-noname-1.png","contentUrl":"https:\/\/www.estudiarcocinaygastronomia.com\/wp-content\/uploads\/2020\/02\/cropped-noname-1.png","width":323,"height":250,"caption":"Estudiar cocina y gastronom&iacute;a."},"image":{"@id":"https:\/\/www.estudiarcocinaygastronomia.com\/#\/schema\/logo\/image\/"}}]}},"_links":{"self":[{"href":"https:\/\/www.estudiarcocinaygastronomia.com\/index.php\/wp-json\/wp\/v2\/pages\/1524","targetHints":{"allow":["GET"]}}],"collection":[{"href":"https:\/\/www.estudiarcocinaygastronomia.com\/index.php\/wp-json\/wp\/v2\/pages"}],"about":[{"href":"https:\/\/www.estudiarcocinaygastronomia.com\/index.php\/wp-json\/wp\/v2\/types\/page"}],"author":[{"embeddable":true,"href":"https:\/\/www.estudiarcocinaygastronomia.com\/index.php\/wp-json\/wp\/v2\/users\/1"}],"replies":[{"embeddable":true,"href":"https:\/\/www.estudiarcocinaygastronomia.com\/index.php\/wp-json\/wp\/v2\/comments?post=1524"}],"version-history":[{"count":7,"href":"https:\/\/www.estudiarcocinaygastronomia.com\/index.php\/wp-json\/wp\/v2\/pages\/1524\/revisions"}],"predecessor-version":[{"id":1569,"href":"https:\/\/www.estudiarcocinaygastronomia.com\/index.php\/wp-json\/wp\/v2\/pages\/1524\/revisions\/1569"}],"up":[{"embeddable":true,"href":"https:\/\/www.estudiarcocinaygastronomia.com\/index.php\/wp-json\/wp\/v2\/pages\/1518"}],"wp:featuredmedia":[{"embeddable":true,"href":"https:\/\/www.estudiarcocinaygastronomia.com\/index.php\/wp-json\/wp\/v2\/media\/1567"}],"wp:attachment":[{"href":"https:\/\/www.estudiarcocinaygastronomia.com\/index.php\/wp-json\/wp\/v2\/media?parent=1524"}],"curies":[{"name":"wp","href":"https:\/\/api.w.org\/{rel}","templated":true}]}}