{"id":2077,"date":"2024-03-26T12:24:34","date_gmt":"2024-03-26T12:24:34","guid":{"rendered":"https:\/\/www.estudiarcocinaygastronomia.com\/?page_id=2077"},"modified":"2024-03-26T12:24:35","modified_gmt":"2024-03-26T12:24:35","slug":"puntos-del-azucar-y-almibar","status":"publish","type":"page","link":"https:\/\/www.estudiarcocinaygastronomia.com\/index.php\/puntos-del-azucar-y-almibar\/","title":{"rendered":"Puntos del az\u00facar y alm\u00edbar."},"content":{"rendered":"\n<p>El alm\u00edbar (del \u00e1rabe cl\u00e1sico al-maybah) es un jarabe a base de una disoluci\u00f3n sobresaturada de agua y az\u00facar. Es decir, la denominaci\u00f3n de alm\u00edbar se aplica a la soluci\u00f3n acuosa de az\u00facar, en caliente, destinada a l\u00edquido de cobertura o a confecciones de confiter\u00eda y reposter\u00eda.<\/p>\n\n\n\n<h2 class=\"wp-block-heading\">Caracter\u00edsticas del alm\u00edbar.<\/h2>\n\n\n\n<p>La consistencia depende de la saturaci\u00f3n de az\u00facar en el agua y del tiempo de cocci\u00f3n. El alm\u00edbar se emplea para conservas de frutas, para cubrir bizcochos y panqueques, para elaborar distintos tipos de caramelos y adem\u00e1s forma la base de algunos postres, como el tocino de cielo, los sorbetes, los fondues y el merengue italiano.<\/p>\n\n\n\n<figure class=\"wp-block-embed is-type-video is-provider-youtube wp-block-embed-youtube wp-embed-aspect-16-9 wp-has-aspect-ratio\"><div class=\"wp-block-embed__wrapper\">\n<iframe loading=\"lazy\" title=\"LOS PUNTOS DEL AZ\u00daCAR\" width=\"525\" height=\"295\" src=\"https:\/\/www.youtube.com\/embed\/rKGyWg3ClNk?feature=oembed\" frameborder=\"0\" allow=\"accelerometer; autoplay; clipboard-write; encrypted-media; gyroscope; picture-in-picture; web-share\" referrerpolicy=\"strict-origin-when-cross-origin\" allowfullscreen><\/iframe>\n<\/div><figcaption class=\"wp-element-caption\">http:\/\/formacionhostelera.com<\/figcaption><\/figure>\n\n\n\n<h2 class=\"wp-block-heading\">Tipos de alm\u00edbar.<\/h2>\n\n\n\n<p>Hay tres m\u00e9todos para determinar la consistencia del alm\u00edbar o amilbar:<\/p>\n\n\n\n<ul class=\"wp-block-list\">\n<li>La cl\u00e1sica, que consiste en someter la mezcla a pruebas mec\u00e1nicas: si hace hebras o bolas, etc.<\/li>\n\n\n\n<li>La de densidad, utilizando un sacar\u00edmetro.<\/li>\n\n\n\n<li>La de temperatura, utilizando un term\u00f3metro especial que tenga finamente graduada la zona de 100 a 200 \u00b0C.<\/li>\n<\/ul>\n\n\n\n<p>En funci\u00f3n de estos tres par\u00e1metros se dan:<\/p>\n\n\n\n<figure class=\"wp-block-image size-large is-style-default\"><img loading=\"lazy\" decoding=\"async\" width=\"1024\" height=\"419\" src=\"https:\/\/www.estudiarcocinaygastronomia.com\/wp-content\/uploads\/2024\/03\/Captura-de-pantalla-2024-03-26-a-las-13.12.31-1024x419.png\" alt=\"\" class=\"wp-image-2078\" srcset=\"https:\/\/www.estudiarcocinaygastronomia.com\/wp-content\/uploads\/2024\/03\/Captura-de-pantalla-2024-03-26-a-las-13.12.31-1024x419.png 1024w, https:\/\/www.estudiarcocinaygastronomia.com\/wp-content\/uploads\/2024\/03\/Captura-de-pantalla-2024-03-26-a-las-13.12.31-300x123.png 300w, https:\/\/www.estudiarcocinaygastronomia.com\/wp-content\/uploads\/2024\/03\/Captura-de-pantalla-2024-03-26-a-las-13.12.31-768x314.png 768w, https:\/\/www.estudiarcocinaygastronomia.com\/wp-content\/uploads\/2024\/03\/Captura-de-pantalla-2024-03-26-a-las-13.12.31.png 1182w\" sizes=\"auto, (max-width: 706px) 89vw, (max-width: 767px) 82vw, 740px\" \/><figcaption class=\"wp-element-caption\"><a href=\"https:\/\/es.wikipedia.org\/wiki\/Alm%C3%ADbar\" target=\"_blank\" rel=\"noreferrer noopener\">Tipos de Alm\u00edbar<\/a><\/figcaption><\/figure>\n\n\n\n<figure class=\"wp-block-image size-large is-style-default\"><img loading=\"lazy\" decoding=\"async\" width=\"1024\" height=\"419\" src=\"https:\/\/www.estudiarcocinaygastronomia.com\/wp-content\/uploads\/2024\/03\/Captura-de-pantalla-2024-03-26-a-las-13.13.31-1024x419.png\" alt=\"\" class=\"wp-image-2079\" srcset=\"https:\/\/www.estudiarcocinaygastronomia.com\/wp-content\/uploads\/2024\/03\/Captura-de-pantalla-2024-03-26-a-las-13.13.31-1024x419.png 1024w, https:\/\/www.estudiarcocinaygastronomia.com\/wp-content\/uploads\/2024\/03\/Captura-de-pantalla-2024-03-26-a-las-13.13.31-300x123.png 300w, https:\/\/www.estudiarcocinaygastronomia.com\/wp-content\/uploads\/2024\/03\/Captura-de-pantalla-2024-03-26-a-las-13.13.31-768x315.png 768w, https:\/\/www.estudiarcocinaygastronomia.com\/wp-content\/uploads\/2024\/03\/Captura-de-pantalla-2024-03-26-a-las-13.13.31.png 1177w\" sizes=\"auto, (max-width: 706px) 89vw, (max-width: 767px) 82vw, 740px\" \/><figcaption class=\"wp-element-caption\"><br><a href=\"http:\/\/es.wikipedia.org\/wiki\/Alm\u00edbar\" target=\"_blank\" rel=\"noreferrer noopener\">Tipos de Alm\u00edbar<\/a><\/figcaption><\/figure>\n\n\n\n<h2 class=\"wp-block-heading\"><a href=\"https:\/\/es.wikipedia.org\/wiki\/Escala_Baum%C3%A9\" target=\"_blank\" rel=\"noreferrer noopener\">\u00bfQu\u00e9 son los grados Baum\u00e9?<\/a><\/h2>\n\n\n\n<p>La escala Baum\u00e9 es una escala usada en la medida de las concentraciones de ciertas soluciones (jarabes, \u00e1cidos). Fue creada por el qu\u00edmico y farmac\u00e9utico franc\u00e9s Antoine Baum\u00e9 (1728\u20131804) en 1768 cuando construy\u00f3 su are\u00f3metro. Cada elemento de la divisi\u00f3n de la escalera Baum\u00e9 se denomina grado Baum\u00e9 y se simboliza por \u00baB o \u00baB\u00e9.<\/p>\n\n\n\n<figure class=\"wp-block-embed is-type-video is-provider-youtube wp-block-embed-youtube wp-embed-aspect-16-9 wp-has-aspect-ratio\"><div class=\"wp-block-embed__wrapper\">\n<iframe loading=\"lazy\" title=\"C\u00f3mo usar un dens\u00edmetro\" width=\"525\" height=\"295\" src=\"https:\/\/www.youtube.com\/embed\/fNvZhIGhosE?feature=oembed\" frameborder=\"0\" allow=\"accelerometer; autoplay; clipboard-write; encrypted-media; gyroscope; picture-in-picture; web-share\" referrerpolicy=\"strict-origin-when-cross-origin\" allowfullscreen><\/iframe>\n<\/div><figcaption class=\"wp-element-caption\">Dens\u00edmetro <\/figcaption><\/figure>\n","protected":false},"excerpt":{"rendered":"<p>El alm\u00edbar (del \u00e1rabe cl\u00e1sico al-maybah) es un jarabe a base de una disoluci\u00f3n sobresaturada de agua y az\u00facar. Es decir, la denominaci\u00f3n de alm\u00edbar se aplica a la soluci\u00f3n acuosa de az\u00facar, en caliente, destinada a l\u00edquido de cobertura o a confecciones de confiter\u00eda y reposter\u00eda. Caracter\u00edsticas del alm\u00edbar. La consistencia depende de la &hellip; <\/p>\n<p class=\"link-more\"><a href=\"https:\/\/www.estudiarcocinaygastronomia.com\/index.php\/puntos-del-azucar-y-almibar\/\" class=\"more-link\">Continuar leyendo<span class=\"screen-reader-text\"> \u00abPuntos del az\u00facar y alm\u00edbar.\u00bb<\/span><\/a><\/p>\n","protected":false},"author":1,"featured_media":0,"parent":0,"menu_order":0,"comment_status":"closed","ping_status":"closed","template":"","meta":{"footnotes":""},"class_list":["post-2077","page","type-page","status-publish","hentry"],"yoast_head":"<!-- This site is optimized with the Yoast SEO plugin v23.9 - https:\/\/yoast.com\/wordpress\/plugins\/seo\/ -->\n<title>Puntos del az\u00facar y alm\u00edbar.<\/title>\n<meta name=\"description\" content=\"El alm\u00edbar (del \u00e1rabe cl\u00e1sico al-maybah) es un jarabe a base de una disoluci\u00f3n sobresaturada de agua y az\u00facar. Es decir, la denominaci\u00f3n de alm\u00edbar se\" \/>\n<meta name=\"robots\" content=\"index, follow, max-snippet:-1, max-image-preview:large, max-video-preview:-1\" \/>\n<link rel=\"canonical\" href=\"https:\/\/www.estudiarcocinaygastronomia.com\/index.php\/puntos-del-azucar-y-almibar\/\" \/>\n<meta property=\"og:locale\" content=\"es_ES\" \/>\n<meta property=\"og:type\" content=\"article\" \/>\n<meta property=\"og:title\" content=\"Puntos del az\u00facar y alm\u00edbar.\" \/>\n<meta property=\"og:description\" content=\"El alm\u00edbar (del \u00e1rabe cl\u00e1sico al-maybah) es un jarabe a base de una disoluci\u00f3n sobresaturada de agua y az\u00facar. Es decir, la denominaci\u00f3n de alm\u00edbar se\" \/>\n<meta property=\"og:url\" content=\"https:\/\/www.estudiarcocinaygastronomia.com\/index.php\/puntos-del-azucar-y-almibar\/\" \/>\n<meta property=\"og:site_name\" content=\"Estudiar cocina y gastronom&iacute;a.\" \/>\n<meta property=\"article:modified_time\" content=\"2024-03-26T12:24:35+00:00\" \/>\n<meta property=\"og:image\" content=\"https:\/\/www.estudiarcocinaygastronomia.com\/wp-content\/uploads\/2024\/03\/Captura-de-pantalla-2024-03-26-a-las-13.12.31-1024x419.png\" \/>\n<meta name=\"twitter:card\" content=\"summary_large_image\" \/>\n<meta name=\"twitter:label1\" content=\"Tiempo de lectura\" \/>\n\t<meta name=\"twitter:data1\" content=\"2 minutos\" \/>\n<script type=\"application\/ld+json\" class=\"yoast-schema-graph\">{\"@context\":\"https:\/\/schema.org\",\"@graph\":[{\"@type\":\"WebPage\",\"@id\":\"https:\/\/www.estudiarcocinaygastronomia.com\/index.php\/puntos-del-azucar-y-almibar\/\",\"url\":\"https:\/\/www.estudiarcocinaygastronomia.com\/index.php\/puntos-del-azucar-y-almibar\/\",\"name\":\"Puntos del az\u00facar y alm\u00edbar.\",\"isPartOf\":{\"@id\":\"https:\/\/www.estudiarcocinaygastronomia.com\/#website\"},\"primaryImageOfPage\":{\"@id\":\"https:\/\/www.estudiarcocinaygastronomia.com\/index.php\/puntos-del-azucar-y-almibar\/#primaryimage\"},\"image\":{\"@id\":\"https:\/\/www.estudiarcocinaygastronomia.com\/index.php\/puntos-del-azucar-y-almibar\/#primaryimage\"},\"thumbnailUrl\":\"https:\/\/www.estudiarcocinaygastronomia.com\/wp-content\/uploads\/2024\/03\/Captura-de-pantalla-2024-03-26-a-las-13.12.31-1024x419.png\",\"datePublished\":\"2024-03-26T12:24:34+00:00\",\"dateModified\":\"2024-03-26T12:24:35+00:00\",\"description\":\"El alm\u00edbar (del \u00e1rabe cl\u00e1sico al-maybah) es un jarabe a base de una disoluci\u00f3n sobresaturada de agua y az\u00facar. Es decir, la denominaci\u00f3n de alm\u00edbar se\",\"breadcrumb\":{\"@id\":\"https:\/\/www.estudiarcocinaygastronomia.com\/index.php\/puntos-del-azucar-y-almibar\/#breadcrumb\"},\"inLanguage\":\"es\",\"potentialAction\":[{\"@type\":\"ReadAction\",\"target\":[\"https:\/\/www.estudiarcocinaygastronomia.com\/index.php\/puntos-del-azucar-y-almibar\/\"]}]},{\"@type\":\"ImageObject\",\"inLanguage\":\"es\",\"@id\":\"https:\/\/www.estudiarcocinaygastronomia.com\/index.php\/puntos-del-azucar-y-almibar\/#primaryimage\",\"url\":\"https:\/\/www.estudiarcocinaygastronomia.com\/wp-content\/uploads\/2024\/03\/Captura-de-pantalla-2024-03-26-a-las-13.12.31.png\",\"contentUrl\":\"https:\/\/www.estudiarcocinaygastronomia.com\/wp-content\/uploads\/2024\/03\/Captura-de-pantalla-2024-03-26-a-las-13.12.31.png\",\"width\":1182,\"height\":484},{\"@type\":\"BreadcrumbList\",\"@id\":\"https:\/\/www.estudiarcocinaygastronomia.com\/index.php\/puntos-del-azucar-y-almibar\/#breadcrumb\",\"itemListElement\":[{\"@type\":\"ListItem\",\"position\":1,\"name\":\"Portada\",\"item\":\"https:\/\/www.estudiarcocinaygastronomia.com\/\"},{\"@type\":\"ListItem\",\"position\":2,\"name\":\"Puntos del az\u00facar y alm\u00edbar.\"}]},{\"@type\":\"WebSite\",\"@id\":\"https:\/\/www.estudiarcocinaygastronomia.com\/#website\",\"url\":\"https:\/\/www.estudiarcocinaygastronomia.com\/\",\"name\":\"Estudiar cocina y gastronom&iacute;a.\",\"description\":\"Lo mejor de la hosteler&iacute;a y m&aacute;s, a un solo click.\",\"publisher\":{\"@id\":\"https:\/\/www.estudiarcocinaygastronomia.com\/#organization\"},\"potentialAction\":[{\"@type\":\"SearchAction\",\"target\":{\"@type\":\"EntryPoint\",\"urlTemplate\":\"https:\/\/www.estudiarcocinaygastronomia.com\/?s={search_term_string}\"},\"query-input\":{\"@type\":\"PropertyValueSpecification\",\"valueRequired\":true,\"valueName\":\"search_term_string\"}}],\"inLanguage\":\"es\"},{\"@type\":\"Organization\",\"@id\":\"https:\/\/www.estudiarcocinaygastronomia.com\/#organization\",\"name\":\"Estudiar cocina y gastronom&iacute;a.\",\"url\":\"https:\/\/www.estudiarcocinaygastronomia.com\/\",\"logo\":{\"@type\":\"ImageObject\",\"inLanguage\":\"es\",\"@id\":\"https:\/\/www.estudiarcocinaygastronomia.com\/#\/schema\/logo\/image\/\",\"url\":\"https:\/\/www.estudiarcocinaygastronomia.com\/wp-content\/uploads\/2020\/02\/cropped-noname-1.png\",\"contentUrl\":\"https:\/\/www.estudiarcocinaygastronomia.com\/wp-content\/uploads\/2020\/02\/cropped-noname-1.png\",\"width\":323,\"height\":250,\"caption\":\"Estudiar cocina y gastronom&iacute;a.\"},\"image\":{\"@id\":\"https:\/\/www.estudiarcocinaygastronomia.com\/#\/schema\/logo\/image\/\"}}]}<\/script>\n<!-- \/ Yoast SEO plugin. -->","yoast_head_json":{"title":"Puntos del az\u00facar y alm\u00edbar.","description":"El alm\u00edbar (del \u00e1rabe cl\u00e1sico al-maybah) es un jarabe a base de una disoluci\u00f3n sobresaturada de agua y az\u00facar. Es decir, la denominaci\u00f3n de alm\u00edbar se","robots":{"index":"index","follow":"follow","max-snippet":"max-snippet:-1","max-image-preview":"max-image-preview:large","max-video-preview":"max-video-preview:-1"},"canonical":"https:\/\/www.estudiarcocinaygastronomia.com\/index.php\/puntos-del-azucar-y-almibar\/","og_locale":"es_ES","og_type":"article","og_title":"Puntos del az\u00facar y alm\u00edbar.","og_description":"El alm\u00edbar (del \u00e1rabe cl\u00e1sico al-maybah) es un jarabe a base de una disoluci\u00f3n sobresaturada de agua y az\u00facar. Es decir, la denominaci\u00f3n de alm\u00edbar se","og_url":"https:\/\/www.estudiarcocinaygastronomia.com\/index.php\/puntos-del-azucar-y-almibar\/","og_site_name":"Estudiar cocina y gastronom&iacute;a.","article_modified_time":"2024-03-26T12:24:35+00:00","og_image":[{"url":"https:\/\/www.estudiarcocinaygastronomia.com\/wp-content\/uploads\/2024\/03\/Captura-de-pantalla-2024-03-26-a-las-13.12.31-1024x419.png"}],"twitter_card":"summary_large_image","twitter_misc":{"Tiempo de lectura":"2 minutos"},"schema":{"@context":"https:\/\/schema.org","@graph":[{"@type":"WebPage","@id":"https:\/\/www.estudiarcocinaygastronomia.com\/index.php\/puntos-del-azucar-y-almibar\/","url":"https:\/\/www.estudiarcocinaygastronomia.com\/index.php\/puntos-del-azucar-y-almibar\/","name":"Puntos del az\u00facar y alm\u00edbar.","isPartOf":{"@id":"https:\/\/www.estudiarcocinaygastronomia.com\/#website"},"primaryImageOfPage":{"@id":"https:\/\/www.estudiarcocinaygastronomia.com\/index.php\/puntos-del-azucar-y-almibar\/#primaryimage"},"image":{"@id":"https:\/\/www.estudiarcocinaygastronomia.com\/index.php\/puntos-del-azucar-y-almibar\/#primaryimage"},"thumbnailUrl":"https:\/\/www.estudiarcocinaygastronomia.com\/wp-content\/uploads\/2024\/03\/Captura-de-pantalla-2024-03-26-a-las-13.12.31-1024x419.png","datePublished":"2024-03-26T12:24:34+00:00","dateModified":"2024-03-26T12:24:35+00:00","description":"El alm\u00edbar (del \u00e1rabe cl\u00e1sico al-maybah) es un jarabe a base de una disoluci\u00f3n sobresaturada de agua y az\u00facar. Es decir, la denominaci\u00f3n de alm\u00edbar se","breadcrumb":{"@id":"https:\/\/www.estudiarcocinaygastronomia.com\/index.php\/puntos-del-azucar-y-almibar\/#breadcrumb"},"inLanguage":"es","potentialAction":[{"@type":"ReadAction","target":["https:\/\/www.estudiarcocinaygastronomia.com\/index.php\/puntos-del-azucar-y-almibar\/"]}]},{"@type":"ImageObject","inLanguage":"es","@id":"https:\/\/www.estudiarcocinaygastronomia.com\/index.php\/puntos-del-azucar-y-almibar\/#primaryimage","url":"https:\/\/www.estudiarcocinaygastronomia.com\/wp-content\/uploads\/2024\/03\/Captura-de-pantalla-2024-03-26-a-las-13.12.31.png","contentUrl":"https:\/\/www.estudiarcocinaygastronomia.com\/wp-content\/uploads\/2024\/03\/Captura-de-pantalla-2024-03-26-a-las-13.12.31.png","width":1182,"height":484},{"@type":"BreadcrumbList","@id":"https:\/\/www.estudiarcocinaygastronomia.com\/index.php\/puntos-del-azucar-y-almibar\/#breadcrumb","itemListElement":[{"@type":"ListItem","position":1,"name":"Portada","item":"https:\/\/www.estudiarcocinaygastronomia.com\/"},{"@type":"ListItem","position":2,"name":"Puntos del az\u00facar y alm\u00edbar."}]},{"@type":"WebSite","@id":"https:\/\/www.estudiarcocinaygastronomia.com\/#website","url":"https:\/\/www.estudiarcocinaygastronomia.com\/","name":"Estudiar cocina y gastronom&iacute;a.","description":"Lo mejor de la hosteler&iacute;a y m&aacute;s, a un solo click.","publisher":{"@id":"https:\/\/www.estudiarcocinaygastronomia.com\/#organization"},"potentialAction":[{"@type":"SearchAction","target":{"@type":"EntryPoint","urlTemplate":"https:\/\/www.estudiarcocinaygastronomia.com\/?s={search_term_string}"},"query-input":{"@type":"PropertyValueSpecification","valueRequired":true,"valueName":"search_term_string"}}],"inLanguage":"es"},{"@type":"Organization","@id":"https:\/\/www.estudiarcocinaygastronomia.com\/#organization","name":"Estudiar cocina y gastronom&iacute;a.","url":"https:\/\/www.estudiarcocinaygastronomia.com\/","logo":{"@type":"ImageObject","inLanguage":"es","@id":"https:\/\/www.estudiarcocinaygastronomia.com\/#\/schema\/logo\/image\/","url":"https:\/\/www.estudiarcocinaygastronomia.com\/wp-content\/uploads\/2020\/02\/cropped-noname-1.png","contentUrl":"https:\/\/www.estudiarcocinaygastronomia.com\/wp-content\/uploads\/2020\/02\/cropped-noname-1.png","width":323,"height":250,"caption":"Estudiar cocina y gastronom&iacute;a."},"image":{"@id":"https:\/\/www.estudiarcocinaygastronomia.com\/#\/schema\/logo\/image\/"}}]}},"_links":{"self":[{"href":"https:\/\/www.estudiarcocinaygastronomia.com\/index.php\/wp-json\/wp\/v2\/pages\/2077","targetHints":{"allow":["GET"]}}],"collection":[{"href":"https:\/\/www.estudiarcocinaygastronomia.com\/index.php\/wp-json\/wp\/v2\/pages"}],"about":[{"href":"https:\/\/www.estudiarcocinaygastronomia.com\/index.php\/wp-json\/wp\/v2\/types\/page"}],"author":[{"embeddable":true,"href":"https:\/\/www.estudiarcocinaygastronomia.com\/index.php\/wp-json\/wp\/v2\/users\/1"}],"replies":[{"embeddable":true,"href":"https:\/\/www.estudiarcocinaygastronomia.com\/index.php\/wp-json\/wp\/v2\/comments?post=2077"}],"version-history":[{"count":1,"href":"https:\/\/www.estudiarcocinaygastronomia.com\/index.php\/wp-json\/wp\/v2\/pages\/2077\/revisions"}],"predecessor-version":[{"id":2080,"href":"https:\/\/www.estudiarcocinaygastronomia.com\/index.php\/wp-json\/wp\/v2\/pages\/2077\/revisions\/2080"}],"wp:attachment":[{"href":"https:\/\/www.estudiarcocinaygastronomia.com\/index.php\/wp-json\/wp\/v2\/media?parent=2077"}],"curies":[{"name":"wp","href":"https:\/\/api.w.org\/{rel}","templated":true}]}}