{"id":2129,"date":"2024-03-27T12:43:55","date_gmt":"2024-03-27T12:43:55","guid":{"rendered":"https:\/\/www.estudiarcocinaygastronomia.com\/?page_id=2129"},"modified":"2024-03-27T12:43:56","modified_gmt":"2024-03-27T12:43:56","slug":"receta-mona-de-pascua-valenciana-tradicional-de-semana-santa","status":"publish","type":"page","link":"https:\/\/www.estudiarcocinaygastronomia.com\/index.php\/receta-mona-de-pascua-valenciana-tradicional-de-semana-santa\/","title":{"rendered":"Receta Mona de pascua valenciana tradicional de Semana Santa."},"content":{"rendered":"\n<p><a href=\"https:\/\/es.wikipedia.org\/wiki\/Mona_de_Pascua\" target=\"_blank\" rel=\"noreferrer noopener\">La mona de Pascua es un dulce t\u00edpico de la Comunidad Valenciana <\/a>que se elabora y consume tradicionalmente durante las celebraciones de Semana Santa. Este exquisito postre, que suele estar decorado con huevos duros y otros elementos coloridos, es una delicia que ha conquistado los corazones de valencianos y visitantes por igual. <\/p>\n\n\n\n<figure class=\"wp-block-image size-full is-style-default\"><a href=\"https:\/\/youtu.be\/y3q8mzgR9DA\" target=\"_blank\" rel=\"noreferrer noopener\"><img loading=\"lazy\" decoding=\"async\" width=\"993\" height=\"745\" src=\"https:\/\/www.estudiarcocinaygastronomia.com\/wp-content\/uploads\/2024\/03\/image-44.png\" alt=\"\" class=\"wp-image-2131\" srcset=\"https:\/\/www.estudiarcocinaygastronomia.com\/wp-content\/uploads\/2024\/03\/image-44.png 993w, https:\/\/www.estudiarcocinaygastronomia.com\/wp-content\/uploads\/2024\/03\/image-44-300x225.png 300w, https:\/\/www.estudiarcocinaygastronomia.com\/wp-content\/uploads\/2024\/03\/image-44-768x576.png 768w\" sizes=\"auto, (max-width: 706px) 89vw, (max-width: 767px) 82vw, 740px\" \/><\/a><figcaption class=\"wp-element-caption\"><a href=\"https:\/\/youtu.be\/y3q8mzgR9DA\" target=\"_blank\" rel=\"noreferrer noopener\">Monas de pascua.<\/a><\/figcaption><\/figure>\n\n\n\n<p>El\u00a0<strong>origen de la mona de pascua<\/strong>\u00a0est\u00e1 en la gastronom\u00eda \u00e1rabe. La mona de pascua significa mounna que es \u201cprovisi\u00f3n a la boca\u201d, este postre lo ofrec\u00edan los musulmanes a sus invitados. Tradicionalmente, los padrinos regalaban la mona a sus ahijados el Domingo de Pascua, despu\u00e9s de misa.<\/p>\n\n\n\n<p>Sigue siendo habitual que el Lunes de Pascua se re\u00fanan varias familias o un grupo de amigos y vayan a comer la mona juntos a alg\u00fan lugar al aire libre, siendo costumbre cascar el huevo de la mona en la frente de otra persona.<\/p>\n\n\n\n<figure class=\"wp-block-table\"><table><tbody><tr><td><strong>CANTIDAD<\/strong><\/td><td><strong>INGREDIENTES<\/strong><\/td><td><strong>CANTIDAD<\/strong><\/td><td><strong>INGREDIENTES<\/strong><\/td><\/tr><tr><td>1000g.<\/td><td>Harina de gran fuerza<\/td><td>25g.<\/td><td>Sal<\/td><\/tr><tr><td>200g.&nbsp;<\/td><td>Az\u00facar<\/td><td>250g.<\/td><td>Huevos<\/td><\/tr><tr><td>200g.<\/td><td>Mantequilla \/ aceite de girasol<\/td><td>400g<\/td><td>Agua (aprox.)<\/td><\/tr><tr><td>50g.<\/td><td>Levadura<\/td><td>Aromas<\/td><td>Ralladura de lim\u00f3n y naranja, y agua de azahar.<\/td><\/tr><tr><td>Decoraci\u00f3n<\/td><td>Anisetes<\/td><td><br><\/td><td><br><\/td><\/tr><\/tbody><\/table><figcaption class=\"wp-element-caption\">Ingredientes de la mona de pascua<\/figcaption><\/figure>\n\n\n\n<figure class=\"wp-block-image size-full is-style-default\"><a href=\"https:\/\/youtu.be\/Dddgfu89GVM\" target=\"_blank\" rel=\"noreferrer noopener\"><img loading=\"lazy\" decoding=\"async\" width=\"993\" height=\"745\" src=\"https:\/\/www.estudiarcocinaygastronomia.com\/wp-content\/uploads\/2024\/03\/image-43.png\" alt=\"\" class=\"wp-image-2130\" srcset=\"https:\/\/www.estudiarcocinaygastronomia.com\/wp-content\/uploads\/2024\/03\/image-43.png 993w, https:\/\/www.estudiarcocinaygastronomia.com\/wp-content\/uploads\/2024\/03\/image-43-300x225.png 300w, https:\/\/www.estudiarcocinaygastronomia.com\/wp-content\/uploads\/2024\/03\/image-43-768x576.png 768w\" sizes=\"auto, (max-width: 706px) 89vw, (max-width: 767px) 82vw, 740px\" \/><\/a><figcaption class=\"wp-element-caption\">Huevos de colores caseros<\/figcaption><\/figure>\n\n\n\n<figure class=\"wp-block-table\"><table><tbody><tr><td>AMASAR<\/td><td>Todos los ingredientes, excepto la mantequilla y la levadura que se a\u00f1adir\u00e1n despu\u00e9s.<\/td><\/tr><tr><td>INCORPORAR<\/td><td>La mantequilla en estado pomada, cinco minutos antes de finalizar el amasado. Deber\u00e1 estar cortada a dados y fr\u00eda<\/td><\/tr><tr><td>INCORPORAR<\/td><td>La levadura una vez la masa ya ha absorbido toda la mantequilla.<\/td><\/tr><tr><td>AMASAR<\/td><td><br><\/td><\/tr><tr><td>REPOSAR<\/td><td>En bloque 30 minutos, siempre tapada con pl\u00e1stico.<\/td><\/tr><tr><td>PLEGAR<\/td><td>La masa sobre si misma como si de un pliegue sencillo se tratar\u00e1 para darle fuerza.<\/td><\/tr><tr><td>REPOSAR<\/td><td>2 horas m\u00e1s tapada con pl\u00e1stico y en nevera<\/td><\/tr><tr><td>DIVIDIR<\/td><td>Piezas del tama\u00f1o deseado<\/td><\/tr><tr><td>BOLEAR<\/td><td><br><\/td><\/tr><tr><td>REPOSAR<\/td><td>Sobre lata previamente aceitada, durante 2 horas en nevera, tapadas con pl\u00e1stico.<\/td><\/tr><tr><td>FORMAR<\/td><td>Formar las monas en piezas de 200gr aprox<\/td><\/tr><tr><td>PINTAR<\/td><td>Con huevo ligeramente batido con un poco de sal.<\/td><\/tr><tr><td>DECORAR<\/td><td>Con <a href=\"https:\/\/youtu.be\/Dddgfu89GVM\" target=\"_blank\" rel=\"noreferrer noopener\">huevo coloreado<\/a> y anisetes.\u00a0<\/td><\/tr><tr><td>FERMENTAR<\/td><td>En c\u00e1mara de fermentaci\u00f3n a 24\u00baC durante 90 minutos<\/td><\/tr><tr><td>COCER<\/td><td>A 200\u00baC aprox., durante 20 a 30 minutos, (el tiempo variar\u00e1 en funci\u00f3n del tama\u00f1o de las piezas y el tipo de horno)<\/td><\/tr><tr><td>ENFR\u00cdAR&nbsp;<\/td><td>Las piezas sobre rejilla para evitar la condensaci\u00f3n de humedad en la base de la misma.<\/td><\/tr><\/tbody><\/table><figcaption class=\"wp-element-caption\">Como hacer monas de pascua<\/figcaption><\/figure>\n\n\n\n<figure class=\"wp-block-embed is-type-video is-provider-youtube wp-block-embed-youtube wp-embed-aspect-16-9 wp-has-aspect-ratio\"><div class=\"wp-block-embed__wrapper\">\n<iframe loading=\"lazy\" title=\"\ud83d\udc12Como hacer \ud83c\udf08MONA DE PASCUA \ud83d\udd25VALENCIANA\ud83d\ude0d ( 100% CASERA)\" width=\"525\" height=\"295\" src=\"https:\/\/www.youtube.com\/embed\/y3q8mzgR9DA?feature=oembed\" frameborder=\"0\" allow=\"accelerometer; autoplay; clipboard-write; encrypted-media; gyroscope; picture-in-picture; web-share\" referrerpolicy=\"strict-origin-when-cross-origin\" allowfullscreen><\/iframe>\n<\/div><figcaption class=\"wp-element-caption\">Receta de la mona de pascua con ni\u00f1os<\/figcaption><\/figure>\n\n\n\n<h2 class=\"wp-block-heading\">Como pintar o colorear huevos de colores.<\/h2>\n\n\n\n<figure class=\"wp-block-embed is-type-video is-provider-youtube wp-block-embed-youtube wp-embed-aspect-16-9 wp-has-aspect-ratio\"><div class=\"wp-block-embed__wrapper\">\n<iframe loading=\"lazy\" title=\"\ud83c\udf08Como COLOREAR \ud83c\udf73HUEVOS, PINTADOS PARA PASCUA \ud83c\udfa8 ( Para MONA\ud83d\udc12 DE PASQUA )\" width=\"525\" height=\"295\" src=\"https:\/\/www.youtube.com\/embed\/Dddgfu89GVM?feature=oembed\" frameborder=\"0\" allow=\"accelerometer; autoplay; clipboard-write; encrypted-media; gyroscope; picture-in-picture; web-share\" referrerpolicy=\"strict-origin-when-cross-origin\" allowfullscreen><\/iframe>\n<\/div><figcaption class=\"wp-element-caption\">Como pintar o colorear huevos de colores.<\/figcaption><\/figure>\n","protected":false},"excerpt":{"rendered":"<p>La mona de Pascua es un dulce t\u00edpico de la Comunidad Valenciana que se elabora y consume tradicionalmente durante las celebraciones de Semana Santa. Este exquisito postre, que suele estar decorado con huevos duros y otros elementos coloridos, es una delicia que ha conquistado los corazones de valencianos y visitantes por igual. El\u00a0origen de la &hellip; <\/p>\n<p class=\"link-more\"><a href=\"https:\/\/www.estudiarcocinaygastronomia.com\/index.php\/receta-mona-de-pascua-valenciana-tradicional-de-semana-santa\/\" class=\"more-link\">Continuar leyendo<span class=\"screen-reader-text\"> \u00abReceta Mona de pascua valenciana tradicional de Semana Santa.\u00bb<\/span><\/a><\/p>\n","protected":false},"author":1,"featured_media":0,"parent":0,"menu_order":0,"comment_status":"closed","ping_status":"closed","template":"","meta":{"footnotes":""},"class_list":["post-2129","page","type-page","status-publish","hentry"],"yoast_head":"<!-- This site is optimized with the Yoast SEO plugin v23.9 - https:\/\/yoast.com\/wordpress\/plugins\/seo\/ -->\n<title>Receta Mona de pascua valenciana tradicional de Semana Santa.<\/title>\n<meta name=\"description\" content=\"La mona de Pascua es un dulce t\u00edpico de la Comunidad Valenciana que se elabora y consume tradicionalmente durante las celebraciones de Semana Santa. Este\" \/>\n<meta name=\"robots\" content=\"index, follow, max-snippet:-1, max-image-preview:large, max-video-preview:-1\" \/>\n<link rel=\"canonical\" href=\"https:\/\/www.estudiarcocinaygastronomia.com\/index.php\/receta-mona-de-pascua-valenciana-tradicional-de-semana-santa\/\" \/>\n<meta property=\"og:locale\" content=\"es_ES\" \/>\n<meta property=\"og:type\" content=\"article\" \/>\n<meta property=\"og:title\" content=\"Receta Mona de pascua valenciana tradicional de Semana Santa.\" \/>\n<meta property=\"og:description\" content=\"La mona de Pascua es un dulce t\u00edpico de la Comunidad Valenciana que se elabora y consume tradicionalmente durante las celebraciones de Semana Santa. Este\" \/>\n<meta property=\"og:url\" content=\"https:\/\/www.estudiarcocinaygastronomia.com\/index.php\/receta-mona-de-pascua-valenciana-tradicional-de-semana-santa\/\" \/>\n<meta property=\"og:site_name\" content=\"Estudiar cocina y gastronom&iacute;a.\" \/>\n<meta property=\"article:modified_time\" content=\"2024-03-27T12:43:56+00:00\" \/>\n<meta property=\"og:image\" content=\"https:\/\/www.estudiarcocinaygastronomia.com\/wp-content\/uploads\/2024\/03\/image-44.png\" \/>\n<meta name=\"twitter:card\" content=\"summary_large_image\" \/>\n<meta name=\"twitter:label1\" content=\"Tiempo de lectura\" \/>\n\t<meta name=\"twitter:data1\" content=\"3 minutos\" \/>\n<script type=\"application\/ld+json\" class=\"yoast-schema-graph\">{\"@context\":\"https:\/\/schema.org\",\"@graph\":[{\"@type\":\"WebPage\",\"@id\":\"https:\/\/www.estudiarcocinaygastronomia.com\/index.php\/receta-mona-de-pascua-valenciana-tradicional-de-semana-santa\/\",\"url\":\"https:\/\/www.estudiarcocinaygastronomia.com\/index.php\/receta-mona-de-pascua-valenciana-tradicional-de-semana-santa\/\",\"name\":\"Receta Mona de pascua valenciana tradicional de Semana Santa.\",\"isPartOf\":{\"@id\":\"https:\/\/www.estudiarcocinaygastronomia.com\/#website\"},\"primaryImageOfPage\":{\"@id\":\"https:\/\/www.estudiarcocinaygastronomia.com\/index.php\/receta-mona-de-pascua-valenciana-tradicional-de-semana-santa\/#primaryimage\"},\"image\":{\"@id\":\"https:\/\/www.estudiarcocinaygastronomia.com\/index.php\/receta-mona-de-pascua-valenciana-tradicional-de-semana-santa\/#primaryimage\"},\"thumbnailUrl\":\"https:\/\/www.estudiarcocinaygastronomia.com\/wp-content\/uploads\/2024\/03\/image-44.png\",\"datePublished\":\"2024-03-27T12:43:55+00:00\",\"dateModified\":\"2024-03-27T12:43:56+00:00\",\"description\":\"La mona de Pascua es un dulce t\u00edpico de la Comunidad Valenciana que se elabora y consume tradicionalmente durante las celebraciones de Semana Santa. Este\",\"breadcrumb\":{\"@id\":\"https:\/\/www.estudiarcocinaygastronomia.com\/index.php\/receta-mona-de-pascua-valenciana-tradicional-de-semana-santa\/#breadcrumb\"},\"inLanguage\":\"es\",\"potentialAction\":[{\"@type\":\"ReadAction\",\"target\":[\"https:\/\/www.estudiarcocinaygastronomia.com\/index.php\/receta-mona-de-pascua-valenciana-tradicional-de-semana-santa\/\"]}]},{\"@type\":\"ImageObject\",\"inLanguage\":\"es\",\"@id\":\"https:\/\/www.estudiarcocinaygastronomia.com\/index.php\/receta-mona-de-pascua-valenciana-tradicional-de-semana-santa\/#primaryimage\",\"url\":\"https:\/\/www.estudiarcocinaygastronomia.com\/wp-content\/uploads\/2024\/03\/image-44.png\",\"contentUrl\":\"https:\/\/www.estudiarcocinaygastronomia.com\/wp-content\/uploads\/2024\/03\/image-44.png\",\"width\":993,\"height\":745},{\"@type\":\"BreadcrumbList\",\"@id\":\"https:\/\/www.estudiarcocinaygastronomia.com\/index.php\/receta-mona-de-pascua-valenciana-tradicional-de-semana-santa\/#breadcrumb\",\"itemListElement\":[{\"@type\":\"ListItem\",\"position\":1,\"name\":\"Portada\",\"item\":\"https:\/\/www.estudiarcocinaygastronomia.com\/\"},{\"@type\":\"ListItem\",\"position\":2,\"name\":\"Receta Mona de pascua valenciana tradicional de Semana Santa.\"}]},{\"@type\":\"WebSite\",\"@id\":\"https:\/\/www.estudiarcocinaygastronomia.com\/#website\",\"url\":\"https:\/\/www.estudiarcocinaygastronomia.com\/\",\"name\":\"Estudiar cocina y gastronom&iacute;a.\",\"description\":\"Lo mejor de la hosteler&iacute;a y m&aacute;s, a un solo click.\",\"publisher\":{\"@id\":\"https:\/\/www.estudiarcocinaygastronomia.com\/#organization\"},\"potentialAction\":[{\"@type\":\"SearchAction\",\"target\":{\"@type\":\"EntryPoint\",\"urlTemplate\":\"https:\/\/www.estudiarcocinaygastronomia.com\/?s={search_term_string}\"},\"query-input\":{\"@type\":\"PropertyValueSpecification\",\"valueRequired\":true,\"valueName\":\"search_term_string\"}}],\"inLanguage\":\"es\"},{\"@type\":\"Organization\",\"@id\":\"https:\/\/www.estudiarcocinaygastronomia.com\/#organization\",\"name\":\"Estudiar cocina y gastronom&iacute;a.\",\"url\":\"https:\/\/www.estudiarcocinaygastronomia.com\/\",\"logo\":{\"@type\":\"ImageObject\",\"inLanguage\":\"es\",\"@id\":\"https:\/\/www.estudiarcocinaygastronomia.com\/#\/schema\/logo\/image\/\",\"url\":\"https:\/\/www.estudiarcocinaygastronomia.com\/wp-content\/uploads\/2020\/02\/cropped-noname-1.png\",\"contentUrl\":\"https:\/\/www.estudiarcocinaygastronomia.com\/wp-content\/uploads\/2020\/02\/cropped-noname-1.png\",\"width\":323,\"height\":250,\"caption\":\"Estudiar cocina y gastronom&iacute;a.\"},\"image\":{\"@id\":\"https:\/\/www.estudiarcocinaygastronomia.com\/#\/schema\/logo\/image\/\"}}]}<\/script>\n<!-- \/ Yoast SEO plugin. -->","yoast_head_json":{"title":"Receta Mona de pascua valenciana tradicional de Semana Santa.","description":"La mona de Pascua es un dulce t\u00edpico de la Comunidad Valenciana que se elabora y consume tradicionalmente durante las celebraciones de Semana Santa. Este","robots":{"index":"index","follow":"follow","max-snippet":"max-snippet:-1","max-image-preview":"max-image-preview:large","max-video-preview":"max-video-preview:-1"},"canonical":"https:\/\/www.estudiarcocinaygastronomia.com\/index.php\/receta-mona-de-pascua-valenciana-tradicional-de-semana-santa\/","og_locale":"es_ES","og_type":"article","og_title":"Receta Mona de pascua valenciana tradicional de Semana Santa.","og_description":"La mona de Pascua es un dulce t\u00edpico de la Comunidad Valenciana que se elabora y consume tradicionalmente durante las celebraciones de Semana Santa. Este","og_url":"https:\/\/www.estudiarcocinaygastronomia.com\/index.php\/receta-mona-de-pascua-valenciana-tradicional-de-semana-santa\/","og_site_name":"Estudiar cocina y gastronom&iacute;a.","article_modified_time":"2024-03-27T12:43:56+00:00","og_image":[{"url":"https:\/\/www.estudiarcocinaygastronomia.com\/wp-content\/uploads\/2024\/03\/image-44.png"}],"twitter_card":"summary_large_image","twitter_misc":{"Tiempo de lectura":"3 minutos"},"schema":{"@context":"https:\/\/schema.org","@graph":[{"@type":"WebPage","@id":"https:\/\/www.estudiarcocinaygastronomia.com\/index.php\/receta-mona-de-pascua-valenciana-tradicional-de-semana-santa\/","url":"https:\/\/www.estudiarcocinaygastronomia.com\/index.php\/receta-mona-de-pascua-valenciana-tradicional-de-semana-santa\/","name":"Receta Mona de pascua valenciana tradicional de Semana Santa.","isPartOf":{"@id":"https:\/\/www.estudiarcocinaygastronomia.com\/#website"},"primaryImageOfPage":{"@id":"https:\/\/www.estudiarcocinaygastronomia.com\/index.php\/receta-mona-de-pascua-valenciana-tradicional-de-semana-santa\/#primaryimage"},"image":{"@id":"https:\/\/www.estudiarcocinaygastronomia.com\/index.php\/receta-mona-de-pascua-valenciana-tradicional-de-semana-santa\/#primaryimage"},"thumbnailUrl":"https:\/\/www.estudiarcocinaygastronomia.com\/wp-content\/uploads\/2024\/03\/image-44.png","datePublished":"2024-03-27T12:43:55+00:00","dateModified":"2024-03-27T12:43:56+00:00","description":"La mona de Pascua es un dulce t\u00edpico de la Comunidad Valenciana que se elabora y consume tradicionalmente durante las celebraciones de Semana Santa. Este","breadcrumb":{"@id":"https:\/\/www.estudiarcocinaygastronomia.com\/index.php\/receta-mona-de-pascua-valenciana-tradicional-de-semana-santa\/#breadcrumb"},"inLanguage":"es","potentialAction":[{"@type":"ReadAction","target":["https:\/\/www.estudiarcocinaygastronomia.com\/index.php\/receta-mona-de-pascua-valenciana-tradicional-de-semana-santa\/"]}]},{"@type":"ImageObject","inLanguage":"es","@id":"https:\/\/www.estudiarcocinaygastronomia.com\/index.php\/receta-mona-de-pascua-valenciana-tradicional-de-semana-santa\/#primaryimage","url":"https:\/\/www.estudiarcocinaygastronomia.com\/wp-content\/uploads\/2024\/03\/image-44.png","contentUrl":"https:\/\/www.estudiarcocinaygastronomia.com\/wp-content\/uploads\/2024\/03\/image-44.png","width":993,"height":745},{"@type":"BreadcrumbList","@id":"https:\/\/www.estudiarcocinaygastronomia.com\/index.php\/receta-mona-de-pascua-valenciana-tradicional-de-semana-santa\/#breadcrumb","itemListElement":[{"@type":"ListItem","position":1,"name":"Portada","item":"https:\/\/www.estudiarcocinaygastronomia.com\/"},{"@type":"ListItem","position":2,"name":"Receta Mona de pascua valenciana tradicional de Semana Santa."}]},{"@type":"WebSite","@id":"https:\/\/www.estudiarcocinaygastronomia.com\/#website","url":"https:\/\/www.estudiarcocinaygastronomia.com\/","name":"Estudiar cocina y gastronom&iacute;a.","description":"Lo mejor de la hosteler&iacute;a y m&aacute;s, a un solo click.","publisher":{"@id":"https:\/\/www.estudiarcocinaygastronomia.com\/#organization"},"potentialAction":[{"@type":"SearchAction","target":{"@type":"EntryPoint","urlTemplate":"https:\/\/www.estudiarcocinaygastronomia.com\/?s={search_term_string}"},"query-input":{"@type":"PropertyValueSpecification","valueRequired":true,"valueName":"search_term_string"}}],"inLanguage":"es"},{"@type":"Organization","@id":"https:\/\/www.estudiarcocinaygastronomia.com\/#organization","name":"Estudiar cocina y gastronom&iacute;a.","url":"https:\/\/www.estudiarcocinaygastronomia.com\/","logo":{"@type":"ImageObject","inLanguage":"es","@id":"https:\/\/www.estudiarcocinaygastronomia.com\/#\/schema\/logo\/image\/","url":"https:\/\/www.estudiarcocinaygastronomia.com\/wp-content\/uploads\/2020\/02\/cropped-noname-1.png","contentUrl":"https:\/\/www.estudiarcocinaygastronomia.com\/wp-content\/uploads\/2020\/02\/cropped-noname-1.png","width":323,"height":250,"caption":"Estudiar cocina y gastronom&iacute;a."},"image":{"@id":"https:\/\/www.estudiarcocinaygastronomia.com\/#\/schema\/logo\/image\/"}}]}},"_links":{"self":[{"href":"https:\/\/www.estudiarcocinaygastronomia.com\/index.php\/wp-json\/wp\/v2\/pages\/2129","targetHints":{"allow":["GET"]}}],"collection":[{"href":"https:\/\/www.estudiarcocinaygastronomia.com\/index.php\/wp-json\/wp\/v2\/pages"}],"about":[{"href":"https:\/\/www.estudiarcocinaygastronomia.com\/index.php\/wp-json\/wp\/v2\/types\/page"}],"author":[{"embeddable":true,"href":"https:\/\/www.estudiarcocinaygastronomia.com\/index.php\/wp-json\/wp\/v2\/users\/1"}],"replies":[{"embeddable":true,"href":"https:\/\/www.estudiarcocinaygastronomia.com\/index.php\/wp-json\/wp\/v2\/comments?post=2129"}],"version-history":[{"count":1,"href":"https:\/\/www.estudiarcocinaygastronomia.com\/index.php\/wp-json\/wp\/v2\/pages\/2129\/revisions"}],"predecessor-version":[{"id":2132,"href":"https:\/\/www.estudiarcocinaygastronomia.com\/index.php\/wp-json\/wp\/v2\/pages\/2129\/revisions\/2132"}],"wp:attachment":[{"href":"https:\/\/www.estudiarcocinaygastronomia.com\/index.php\/wp-json\/wp\/v2\/media?parent=2129"}],"curies":[{"name":"wp","href":"https:\/\/api.w.org\/{rel}","templated":true}]}}