{"id":2150,"date":"2024-06-14T08:10:34","date_gmt":"2024-06-14T08:10:34","guid":{"rendered":"https:\/\/www.estudiarcocinaygastronomia.com\/?page_id=2150"},"modified":"2024-06-14T08:10:35","modified_gmt":"2024-06-14T08:10:35","slug":"que-es-la-focaccia-historia-origen-y-tipos-de-este-pan-italiano","status":"publish","type":"page","link":"https:\/\/www.estudiarcocinaygastronomia.com\/index.php\/que-es-la-focaccia-historia-origen-y-tipos-de-este-pan-italiano\/","title":{"rendered":"\u00bfQu\u00e9 es la focaccia? Historia, origen y tipos de este pan italiano"},"content":{"rendered":"\n<p>Con este tipo de masa se pueden elaborar pizzas, panecillos, cocas.<\/p>\n\n\n\n<p>La focaccia es un tipo de pan italiano, plano y de no m\u00e1s de un dedo de grosor. Para ser perfecta, debe tener una textura crujiente por fuera y suave por dentro. Es muy famosa en Italia y se puede disfrutar sola o acompa\u00f1ada de quesos, embutidos u otros platos italianos. Normalmente se cubre con hierbas, como tomillo, romero, albahaca u or\u00e9gano, y tambi\u00e9n puede llevar otros ingredientes como aceitunas negras, tomates, quesos, cebollas e incluso frutas o az\u00facar.<\/p>\n\n\n\n<h2 class=\"wp-block-heading\">Historia y origen de la focaccia<\/h2>\n\n\n\n<p>La historia de la focaccia, seg\u00fan se apunta, nos remonta a la zona de&nbsp;<strong>G\u00e9nova, la capital de la regi\u00f3n de Liguria<\/strong>. Aunque no se sabe con exactitud cu\u00e1ndo. Hay documentos que indican que su receta podr\u00eda haber aparecido hace 1.000 a\u00f1os aproximadamente, y que era frecuente oler su aroma durante la&nbsp;<strong>Edad Media<\/strong>&nbsp;por cualquier calle de esta ciudad.&nbsp;<\/p>\n\n\n\n<blockquote class=\"wp-block-quote is-layout-flow wp-block-quote-is-layout-flow\">\n<p>La focaccia se convirti\u00f3 en un imprescindible en la vida de los habitantes de G\u00e9nova. En parte, debido a que era un alimento delicioso, econ\u00f3mico y saciaba a los hambrientos.<\/p>\n<\/blockquote>\n\n\n\n<p>No obstante, hay otros historiadores que apuntan que los or\u00edgenes de la focaccia son milenarios. En concreto, que proviene de los&nbsp;<strong>etruscos o antiguos griegos<\/strong>. Sea como fuere, este pan italiano horneado con hierbas lleg\u00f3 para quedarse.<\/p>\n\n\n\n<h2 class=\"wp-block-heading\">Tipos de focaccia<\/h2>\n\n\n\n<p>Ya sea dulce o salada, rellena de queso, acompa\u00f1ada con hierbas provenzales, hortalizas o embutidos o, junto a&nbsp;<a href=\"https:\/\/lamafia.es\/3-platos-italianos-perfectos-para-acompanar-una-deliciosa-focaccia\/\">platos italianos para acompa\u00f1ar a la focaccia<\/a>, este pan plano se ha convertido en&nbsp;<strong>un producto estrella de la gastronom\u00eda mediterr\u00e1nea<\/strong>. Y, solo en Italia, encontramos multitud de recetas y formas de elaborarla.&nbsp;<\/p>\n\n\n\n<p>La focaccia se puede comer tanto de d\u00eda como de noche. Veamos algunos de los tipos m\u00e1s famosos de este producto italiano:<\/p>\n\n\n\n<p><strong>Focaccia genovese<\/strong><\/p>\n\n\n\n<p>O focaccia genovesa. El origen de la focaccia genovese es evidente. T\u00edpica de esta ciudad, y presente en toda la regi\u00f3n de Liguria, lleva cebolla, salvia y romero. \u00a1Perfecta para el aperitivi!<\/p>\n\n\n\n<h3 class=\"wp-block-heading\"><strong>Focaccia romana<\/strong><\/h3>\n\n\n\n<p>Tambi\u00e9n conocida como focaccia bianca romana. Un emblema de la ciudad eterna. Es suave y crujiente, y se caracteriza porque la masa lleva mucha agua.<\/p>\n\n\n\n<h3 class=\"wp-block-heading\"><strong>Focaccia ligure<\/strong><\/h3>\n\n\n\n<p>Es uno de los tipos de pan italiano o focaccia m\u00e1s famosos. Su masa es muy esponjosa y reluce, ya que lleva una salmuera que se unta antes de su horneado.<\/p>\n\n\n\n<h3 class=\"wp-block-heading\"><strong>Focaccia dolce<\/strong><\/h3>\n\n\n\n<p>Su nombre ya nos lo dice todo. Propia del norte de Italia, se acompa\u00f1a con az\u00facar, frutas, pasas o miel.<\/p>\n\n\n\n<h3 class=\"wp-block-heading\"><strong>Focaccia veneciana<\/strong><\/h3>\n\n\n\n<p>O focaccia veneta. Similar al pandoro o al panettone, es t\u00edpica de Pascua.&nbsp;<\/p>\n\n\n\n<h3 class=\"wp-block-heading\"><strong>Focaccia pugliese<\/strong><\/h3>\n\n\n\n<p>Y del norte al sur. Adem\u00e1s de llevar s\u00e9mola y patata en su masa, la focaccia de Apulia contiene olivas, or\u00e9gano y tomates cherry.<\/p>\n\n\n\n<h3 class=\"wp-block-heading\"><strong>Sfincione palermitano<\/strong><\/h3>\n\n\n\n<p>Por su parte, esta \u00faltima focaccia se diferencia porque est\u00e1 cubierta de tomate, anchoas, cebolla, queso y pan rallado.<\/p>\n\n\n\n<h2 class=\"wp-block-heading\">Diferencias entre la focaccia y la pizza<\/h2>\n\n\n\n<p>Pese a tratarse de dos masas con los mismos ingredientes, la focaccia y la pizza no son lo mismo. Estas son las diferencias entre este tipo de pan italiano y la pizza:<\/p>\n\n\n\n<ul class=\"wp-block-list\">\n<li><strong>Grosor:<\/strong>\u00a0Una focaccia es mucho m\u00e1s gruesa que una pizza, por lo que su horneado es mayor.<\/li>\n\n\n\n<li><strong>Forma:<\/strong>\u00a0Mientras que la focaccia es un pan plano en forma rectangular, normalmente las pizzas son redondas.<\/li>\n\n\n\n<li><strong>Ingredientes:<\/strong>\u00a0La versi\u00f3n cl\u00e1sica de la focaccia no necesita de otros ingredientes como la salsa de tomate o el queso, con la sal y el aceite y las hierbas arom\u00e1ticas es suficiente. En cambio, una pizza no es nada sin sus toppings.<\/li>\n\n\n\n<li><strong>Funci\u00f3n en la mesa:<\/strong>\u00a0En la cocina italiana, la pizza es un plato principal a diferencia de la focaccia, que se come como acompa\u00f1amiento o snack.<\/li>\n<\/ul>\n\n\n\n<h2 class=\"wp-block-heading\">\u00bfC\u00f3mo se hace una focaccia?<\/h2>\n\n\n\n<p>Para la preparaci\u00f3n de la masa de una focaccia no se necesitan m\u00e1s de cinco ingredientes, eso s\u00ed de primera calidad:&nbsp;<strong>harina, agua tibia, aceite de oliva virgen extra<\/strong>&nbsp;(el oro l\u00edquido),&nbsp;<strong>levadura fresca y sal.<\/strong><\/p>\n\n\n\n<p>En ocasiones, este delicioso pan se cubre de hierbas arom\u00e1ticas, otras con queso o tambi\u00e9n con tomates frescos y aceitunas. Con el tiempo se ha ido ampliando el abanico de recetas de focaccia muy ricas.<\/p>\n\n\n\n<h2 class=\"wp-block-heading\">\u00bfD\u00f3nde se consume este pan de origen italiano?<\/h2>\n\n\n\n<p><strong>La focaccia italiana ha traspasado fronteras.<\/strong>&nbsp;Ya no solo los italianos se deleitan con su sabor. Sin ir m\u00e1s lejos, en Argentina encontramos las focacce ligures, tra\u00eddas con los inmigrantes genoveses. De hecho, existen variedades que se denominan fugazzettas o fugazzas. Sin movernos del continente, en Uruguay a las focaccias se les llama ligur figasa.<\/p>\n\n\n\n<p>Por otro lado, este pan italiano se deja tambi\u00e9n ver en pa\u00edses como Per\u00fa, Venezuela, Chile, Costa Rica o Espa\u00f1a, entre otros.<\/p>\n\n\n\n<figure class=\"wp-block-image size-full is-style-default\"><img loading=\"lazy\" decoding=\"async\" width=\"1008\" height=\"756\" src=\"https:\/\/www.estudiarcocinaygastronomia.com\/wp-content\/uploads\/2024\/06\/image.png\" alt=\"\" class=\"wp-image-2151\" srcset=\"https:\/\/www.estudiarcocinaygastronomia.com\/wp-content\/uploads\/2024\/06\/image.png 1008w, https:\/\/www.estudiarcocinaygastronomia.com\/wp-content\/uploads\/2024\/06\/image-300x225.png 300w, https:\/\/www.estudiarcocinaygastronomia.com\/wp-content\/uploads\/2024\/06\/image-768x576.png 768w\" sizes=\"auto, (max-width: 706px) 89vw, (max-width: 767px) 82vw, 740px\" \/><\/figure>\n\n\n\n<figure class=\"wp-block-table\"><table><tbody><tr><td><strong>CANTIDADES<\/strong><\/td><td><strong>INGREDIENTES<\/strong><\/td><\/tr><tr><td>1Kg<\/td><td>Harina media fuerza (70-30)<\/td><\/tr><tr><td>20 g<\/td><td>Sal&nbsp;<\/td><\/tr><tr><td>35 g<\/td><td>Az\u00facar&nbsp;<\/td><\/tr><tr><td>75 g<\/td><td>Manteca de cerdo<\/td><\/tr><tr><td>550 g<\/td><td>Agua<\/td><\/tr><tr><td>40 g&nbsp;<\/td><td>Levadura<\/td><\/tr><tr><td>75 g<\/td><td>Aceite de oliva<\/td><\/tr><\/tbody><\/table><figcaption class=\"wp-element-caption\">Ingredientes y cantidades de la foccacia genovesa.<\/figcaption><\/figure>\n\n\n\n<figure class=\"wp-block-table\"><table><tbody><tr><td>AMASAR<\/td><td>Todos los ingredientes excepto la levadura que se incorporar\u00e1 a mitad del amasado.<\/td><\/tr><tr><td>A\u00d1ADIR<\/td><td>La levadura cuando veamos que nuestros ingredientes est\u00e1n levemente mezclados.<\/td><\/tr><tr><td>AMASAR<\/td><td>Hasta conseguir una masa lisa y el\u00e1stica.<\/td><\/tr><tr><td>PESAR<\/td><td>Piezas de 160g para moldes de 18 cm.<\/td><\/tr><tr><td>ESTIRAR<\/td><td>La masa ligeramente aceitada<\/td><\/tr><tr><td>DECORAR<\/td><td>Al gusto (olivas negras, cebolla, albahaca) y rociar con aceite de hiervas previamente elaborado.<\/td><\/tr><tr><td>FERMENTAR<\/td><td>Hasta punto adecuado (2,5 volumen)<\/td><\/tr><tr><td>COCER<\/td><td>Rociar con aceite y sal de escamas antes de entrar en el horno. Cocer a 220\u00baC sin vapor.<\/td><\/tr><\/tbody><\/table><figcaption class=\"wp-element-caption\">Elaboraci\u00f3n de la focaccia genovesa por sistema directo. (Sin prefermento).<\/figcaption><\/figure>\n\n\n\n<figure class=\"wp-block-embed is-type-video is-provider-youtube wp-block-embed-youtube wp-embed-aspect-16-9 wp-has-aspect-ratio\"><div class=\"wp-block-embed__wrapper\">\n<iframe loading=\"lazy\" title=\"\ud83d\udc69\u200d\ud83c\udf73Como hacer receta \ud83c\udf5eFOCACCIA GENOVESA \ud83e\udd56 ( tierna y jugosa)#002\" width=\"525\" height=\"295\" src=\"https:\/\/www.youtube.com\/embed\/6uSA8yM5XA0?feature=oembed\" frameborder=\"0\" allow=\"accelerometer; autoplay; clipboard-write; encrypted-media; gyroscope; picture-in-picture; web-share\" referrerpolicy=\"strict-origin-when-cross-origin\" allowfullscreen><\/iframe>\n<\/div><figcaption class=\"wp-element-caption\">V\u00eddeo-receta de la foccacia genovesa.<\/figcaption><\/figure>\n","protected":false},"excerpt":{"rendered":"<p>Con este tipo de masa se pueden elaborar pizzas, panecillos, cocas. La focaccia es un tipo de pan italiano, plano y de no m\u00e1s de un dedo de grosor. Para ser perfecta, debe tener una textura crujiente por fuera y suave por dentro. Es muy famosa en Italia y se puede disfrutar sola o acompa\u00f1ada &hellip; <\/p>\n<p class=\"link-more\"><a href=\"https:\/\/www.estudiarcocinaygastronomia.com\/index.php\/que-es-la-focaccia-historia-origen-y-tipos-de-este-pan-italiano\/\" class=\"more-link\">Continuar leyendo<span class=\"screen-reader-text\"> \u00ab\u00bfQu\u00e9 es la focaccia? Historia, origen y tipos de este pan italiano\u00bb<\/span><\/a><\/p>\n","protected":false},"author":1,"featured_media":0,"parent":0,"menu_order":0,"comment_status":"closed","ping_status":"closed","template":"","meta":{"footnotes":""},"class_list":["post-2150","page","type-page","status-publish","hentry"],"yoast_head":"<!-- This site is optimized with the Yoast SEO plugin v23.9 - https:\/\/yoast.com\/wordpress\/plugins\/seo\/ -->\n<title>\u00bfQu\u00e9 es la focaccia? Historia, origen y tipos de este pan italiano<\/title>\n<meta name=\"description\" content=\"Con este tipo de masa se pueden elaborar pizzas, panecillos, cocas. La focaccia es un tipo de pan italiano, plano y de no m\u00e1s de un dedo de grosor. Para\" \/>\n<meta name=\"robots\" content=\"index, follow, max-snippet:-1, max-image-preview:large, max-video-preview:-1\" \/>\n<link rel=\"canonical\" href=\"https:\/\/www.estudiarcocinaygastronomia.com\/index.php\/que-es-la-focaccia-historia-origen-y-tipos-de-este-pan-italiano\/\" \/>\n<meta property=\"og:locale\" content=\"es_ES\" \/>\n<meta property=\"og:type\" content=\"article\" \/>\n<meta property=\"og:title\" content=\"\u00bfQu\u00e9 es la focaccia? Historia, origen y tipos de este pan italiano\" \/>\n<meta property=\"og:description\" content=\"Con este tipo de masa se pueden elaborar pizzas, panecillos, cocas. La focaccia es un tipo de pan italiano, plano y de no m\u00e1s de un dedo de grosor. Para\" \/>\n<meta property=\"og:url\" content=\"https:\/\/www.estudiarcocinaygastronomia.com\/index.php\/que-es-la-focaccia-historia-origen-y-tipos-de-este-pan-italiano\/\" \/>\n<meta property=\"og:site_name\" content=\"Estudiar cocina y gastronom&iacute;a.\" \/>\n<meta property=\"article:modified_time\" content=\"2024-06-14T08:10:35+00:00\" \/>\n<meta property=\"og:image\" content=\"https:\/\/www.estudiarcocinaygastronomia.com\/wp-content\/uploads\/2024\/06\/image.png\" \/>\n<meta name=\"twitter:card\" content=\"summary_large_image\" \/>\n<meta name=\"twitter:label1\" content=\"Tiempo de lectura\" \/>\n\t<meta name=\"twitter:data1\" content=\"5 minutos\" \/>\n<script type=\"application\/ld+json\" class=\"yoast-schema-graph\">{\"@context\":\"https:\/\/schema.org\",\"@graph\":[{\"@type\":\"WebPage\",\"@id\":\"https:\/\/www.estudiarcocinaygastronomia.com\/index.php\/que-es-la-focaccia-historia-origen-y-tipos-de-este-pan-italiano\/\",\"url\":\"https:\/\/www.estudiarcocinaygastronomia.com\/index.php\/que-es-la-focaccia-historia-origen-y-tipos-de-este-pan-italiano\/\",\"name\":\"\u00bfQu\u00e9 es la focaccia? Historia, origen y tipos de este pan italiano\",\"isPartOf\":{\"@id\":\"https:\/\/www.estudiarcocinaygastronomia.com\/#website\"},\"primaryImageOfPage\":{\"@id\":\"https:\/\/www.estudiarcocinaygastronomia.com\/index.php\/que-es-la-focaccia-historia-origen-y-tipos-de-este-pan-italiano\/#primaryimage\"},\"image\":{\"@id\":\"https:\/\/www.estudiarcocinaygastronomia.com\/index.php\/que-es-la-focaccia-historia-origen-y-tipos-de-este-pan-italiano\/#primaryimage\"},\"thumbnailUrl\":\"https:\/\/www.estudiarcocinaygastronomia.com\/wp-content\/uploads\/2024\/06\/image.png\",\"datePublished\":\"2024-06-14T08:10:34+00:00\",\"dateModified\":\"2024-06-14T08:10:35+00:00\",\"description\":\"Con este tipo de masa se pueden elaborar pizzas, panecillos, cocas. La focaccia es un tipo de pan italiano, plano y de no m\u00e1s de un dedo de grosor. Para\",\"breadcrumb\":{\"@id\":\"https:\/\/www.estudiarcocinaygastronomia.com\/index.php\/que-es-la-focaccia-historia-origen-y-tipos-de-este-pan-italiano\/#breadcrumb\"},\"inLanguage\":\"es\",\"potentialAction\":[{\"@type\":\"ReadAction\",\"target\":[\"https:\/\/www.estudiarcocinaygastronomia.com\/index.php\/que-es-la-focaccia-historia-origen-y-tipos-de-este-pan-italiano\/\"]}]},{\"@type\":\"ImageObject\",\"inLanguage\":\"es\",\"@id\":\"https:\/\/www.estudiarcocinaygastronomia.com\/index.php\/que-es-la-focaccia-historia-origen-y-tipos-de-este-pan-italiano\/#primaryimage\",\"url\":\"https:\/\/www.estudiarcocinaygastronomia.com\/wp-content\/uploads\/2024\/06\/image.png\",\"contentUrl\":\"https:\/\/www.estudiarcocinaygastronomia.com\/wp-content\/uploads\/2024\/06\/image.png\",\"width\":1008,\"height\":756},{\"@type\":\"BreadcrumbList\",\"@id\":\"https:\/\/www.estudiarcocinaygastronomia.com\/index.php\/que-es-la-focaccia-historia-origen-y-tipos-de-este-pan-italiano\/#breadcrumb\",\"itemListElement\":[{\"@type\":\"ListItem\",\"position\":1,\"name\":\"Portada\",\"item\":\"https:\/\/www.estudiarcocinaygastronomia.com\/\"},{\"@type\":\"ListItem\",\"position\":2,\"name\":\"\u00bfQu\u00e9 es la focaccia? Historia, origen y tipos de este pan italiano\"}]},{\"@type\":\"WebSite\",\"@id\":\"https:\/\/www.estudiarcocinaygastronomia.com\/#website\",\"url\":\"https:\/\/www.estudiarcocinaygastronomia.com\/\",\"name\":\"Estudiar cocina y gastronom&iacute;a.\",\"description\":\"Lo mejor de la hosteler&iacute;a y m&aacute;s, a un solo click.\",\"publisher\":{\"@id\":\"https:\/\/www.estudiarcocinaygastronomia.com\/#organization\"},\"potentialAction\":[{\"@type\":\"SearchAction\",\"target\":{\"@type\":\"EntryPoint\",\"urlTemplate\":\"https:\/\/www.estudiarcocinaygastronomia.com\/?s={search_term_string}\"},\"query-input\":{\"@type\":\"PropertyValueSpecification\",\"valueRequired\":true,\"valueName\":\"search_term_string\"}}],\"inLanguage\":\"es\"},{\"@type\":\"Organization\",\"@id\":\"https:\/\/www.estudiarcocinaygastronomia.com\/#organization\",\"name\":\"Estudiar cocina y gastronom&iacute;a.\",\"url\":\"https:\/\/www.estudiarcocinaygastronomia.com\/\",\"logo\":{\"@type\":\"ImageObject\",\"inLanguage\":\"es\",\"@id\":\"https:\/\/www.estudiarcocinaygastronomia.com\/#\/schema\/logo\/image\/\",\"url\":\"https:\/\/www.estudiarcocinaygastronomia.com\/wp-content\/uploads\/2020\/02\/cropped-noname-1.png\",\"contentUrl\":\"https:\/\/www.estudiarcocinaygastronomia.com\/wp-content\/uploads\/2020\/02\/cropped-noname-1.png\",\"width\":323,\"height\":250,\"caption\":\"Estudiar cocina y gastronom&iacute;a.\"},\"image\":{\"@id\":\"https:\/\/www.estudiarcocinaygastronomia.com\/#\/schema\/logo\/image\/\"}}]}<\/script>\n<!-- \/ Yoast SEO plugin. -->","yoast_head_json":{"title":"\u00bfQu\u00e9 es la focaccia? Historia, origen y tipos de este pan italiano","description":"Con este tipo de masa se pueden elaborar pizzas, panecillos, cocas. La focaccia es un tipo de pan italiano, plano y de no m\u00e1s de un dedo de grosor. Para","robots":{"index":"index","follow":"follow","max-snippet":"max-snippet:-1","max-image-preview":"max-image-preview:large","max-video-preview":"max-video-preview:-1"},"canonical":"https:\/\/www.estudiarcocinaygastronomia.com\/index.php\/que-es-la-focaccia-historia-origen-y-tipos-de-este-pan-italiano\/","og_locale":"es_ES","og_type":"article","og_title":"\u00bfQu\u00e9 es la focaccia? Historia, origen y tipos de este pan italiano","og_description":"Con este tipo de masa se pueden elaborar pizzas, panecillos, cocas. La focaccia es un tipo de pan italiano, plano y de no m\u00e1s de un dedo de grosor. Para","og_url":"https:\/\/www.estudiarcocinaygastronomia.com\/index.php\/que-es-la-focaccia-historia-origen-y-tipos-de-este-pan-italiano\/","og_site_name":"Estudiar cocina y gastronom&iacute;a.","article_modified_time":"2024-06-14T08:10:35+00:00","og_image":[{"url":"https:\/\/www.estudiarcocinaygastronomia.com\/wp-content\/uploads\/2024\/06\/image.png"}],"twitter_card":"summary_large_image","twitter_misc":{"Tiempo de lectura":"5 minutos"},"schema":{"@context":"https:\/\/schema.org","@graph":[{"@type":"WebPage","@id":"https:\/\/www.estudiarcocinaygastronomia.com\/index.php\/que-es-la-focaccia-historia-origen-y-tipos-de-este-pan-italiano\/","url":"https:\/\/www.estudiarcocinaygastronomia.com\/index.php\/que-es-la-focaccia-historia-origen-y-tipos-de-este-pan-italiano\/","name":"\u00bfQu\u00e9 es la focaccia? Historia, origen y tipos de este pan italiano","isPartOf":{"@id":"https:\/\/www.estudiarcocinaygastronomia.com\/#website"},"primaryImageOfPage":{"@id":"https:\/\/www.estudiarcocinaygastronomia.com\/index.php\/que-es-la-focaccia-historia-origen-y-tipos-de-este-pan-italiano\/#primaryimage"},"image":{"@id":"https:\/\/www.estudiarcocinaygastronomia.com\/index.php\/que-es-la-focaccia-historia-origen-y-tipos-de-este-pan-italiano\/#primaryimage"},"thumbnailUrl":"https:\/\/www.estudiarcocinaygastronomia.com\/wp-content\/uploads\/2024\/06\/image.png","datePublished":"2024-06-14T08:10:34+00:00","dateModified":"2024-06-14T08:10:35+00:00","description":"Con este tipo de masa se pueden elaborar pizzas, panecillos, cocas. La focaccia es un tipo de pan italiano, plano y de no m\u00e1s de un dedo de grosor. Para","breadcrumb":{"@id":"https:\/\/www.estudiarcocinaygastronomia.com\/index.php\/que-es-la-focaccia-historia-origen-y-tipos-de-este-pan-italiano\/#breadcrumb"},"inLanguage":"es","potentialAction":[{"@type":"ReadAction","target":["https:\/\/www.estudiarcocinaygastronomia.com\/index.php\/que-es-la-focaccia-historia-origen-y-tipos-de-este-pan-italiano\/"]}]},{"@type":"ImageObject","inLanguage":"es","@id":"https:\/\/www.estudiarcocinaygastronomia.com\/index.php\/que-es-la-focaccia-historia-origen-y-tipos-de-este-pan-italiano\/#primaryimage","url":"https:\/\/www.estudiarcocinaygastronomia.com\/wp-content\/uploads\/2024\/06\/image.png","contentUrl":"https:\/\/www.estudiarcocinaygastronomia.com\/wp-content\/uploads\/2024\/06\/image.png","width":1008,"height":756},{"@type":"BreadcrumbList","@id":"https:\/\/www.estudiarcocinaygastronomia.com\/index.php\/que-es-la-focaccia-historia-origen-y-tipos-de-este-pan-italiano\/#breadcrumb","itemListElement":[{"@type":"ListItem","position":1,"name":"Portada","item":"https:\/\/www.estudiarcocinaygastronomia.com\/"},{"@type":"ListItem","position":2,"name":"\u00bfQu\u00e9 es la focaccia? Historia, origen y tipos de este pan italiano"}]},{"@type":"WebSite","@id":"https:\/\/www.estudiarcocinaygastronomia.com\/#website","url":"https:\/\/www.estudiarcocinaygastronomia.com\/","name":"Estudiar cocina y gastronom&iacute;a.","description":"Lo mejor de la hosteler&iacute;a y m&aacute;s, a un solo click.","publisher":{"@id":"https:\/\/www.estudiarcocinaygastronomia.com\/#organization"},"potentialAction":[{"@type":"SearchAction","target":{"@type":"EntryPoint","urlTemplate":"https:\/\/www.estudiarcocinaygastronomia.com\/?s={search_term_string}"},"query-input":{"@type":"PropertyValueSpecification","valueRequired":true,"valueName":"search_term_string"}}],"inLanguage":"es"},{"@type":"Organization","@id":"https:\/\/www.estudiarcocinaygastronomia.com\/#organization","name":"Estudiar cocina y gastronom&iacute;a.","url":"https:\/\/www.estudiarcocinaygastronomia.com\/","logo":{"@type":"ImageObject","inLanguage":"es","@id":"https:\/\/www.estudiarcocinaygastronomia.com\/#\/schema\/logo\/image\/","url":"https:\/\/www.estudiarcocinaygastronomia.com\/wp-content\/uploads\/2020\/02\/cropped-noname-1.png","contentUrl":"https:\/\/www.estudiarcocinaygastronomia.com\/wp-content\/uploads\/2020\/02\/cropped-noname-1.png","width":323,"height":250,"caption":"Estudiar cocina y gastronom&iacute;a."},"image":{"@id":"https:\/\/www.estudiarcocinaygastronomia.com\/#\/schema\/logo\/image\/"}}]}},"_links":{"self":[{"href":"https:\/\/www.estudiarcocinaygastronomia.com\/index.php\/wp-json\/wp\/v2\/pages\/2150","targetHints":{"allow":["GET"]}}],"collection":[{"href":"https:\/\/www.estudiarcocinaygastronomia.com\/index.php\/wp-json\/wp\/v2\/pages"}],"about":[{"href":"https:\/\/www.estudiarcocinaygastronomia.com\/index.php\/wp-json\/wp\/v2\/types\/page"}],"author":[{"embeddable":true,"href":"https:\/\/www.estudiarcocinaygastronomia.com\/index.php\/wp-json\/wp\/v2\/users\/1"}],"replies":[{"embeddable":true,"href":"https:\/\/www.estudiarcocinaygastronomia.com\/index.php\/wp-json\/wp\/v2\/comments?post=2150"}],"version-history":[{"count":1,"href":"https:\/\/www.estudiarcocinaygastronomia.com\/index.php\/wp-json\/wp\/v2\/pages\/2150\/revisions"}],"predecessor-version":[{"id":2152,"href":"https:\/\/www.estudiarcocinaygastronomia.com\/index.php\/wp-json\/wp\/v2\/pages\/2150\/revisions\/2152"}],"wp:attachment":[{"href":"https:\/\/www.estudiarcocinaygastronomia.com\/index.php\/wp-json\/wp\/v2\/media?parent=2150"}],"curies":[{"name":"wp","href":"https:\/\/api.w.org\/{rel}","templated":true}]}}