{"id":2154,"date":"2024-06-14T08:26:44","date_gmt":"2024-06-14T08:26:44","guid":{"rendered":"https:\/\/www.estudiarcocinaygastronomia.com\/?page_id=2154"},"modified":"2024-06-14T08:26:45","modified_gmt":"2024-06-14T08:26:45","slug":"rosquillas-de-yema-hojaldres","status":"publish","type":"page","link":"https:\/\/www.estudiarcocinaygastronomia.com\/index.php\/rosquillas-de-yema-hojaldres\/","title":{"rendered":"Rosquillas de yema. Hojaldres."},"content":{"rendered":"\n<p>Las Rosquillas de Alcal\u00e1, tambi\u00e9n conocidas como rosquillas de yema, son una receta tradicional de la ciudad de Alcal\u00e1 de Henares, en Madrid. Estas deliciosas rosquillas est\u00e1n hechas de hojaldre, ba\u00f1adas en una suave crema de yema y glaseadas. Si las has probado, seguro sabes a qu\u00e9 me refiero: este dulce se deshace en la boca y es absolutamente delicioso.<\/p>\n\n\n\n<figure class=\"wp-block-image size-full is-style-default\"><img loading=\"lazy\" decoding=\"async\" width=\"1008\" height=\"756\" src=\"https:\/\/www.estudiarcocinaygastronomia.com\/wp-content\/uploads\/2024\/06\/image-1.png\" alt=\"\" class=\"wp-image-2155\" srcset=\"https:\/\/www.estudiarcocinaygastronomia.com\/wp-content\/uploads\/2024\/06\/image-1.png 1008w, https:\/\/www.estudiarcocinaygastronomia.com\/wp-content\/uploads\/2024\/06\/image-1-300x225.png 300w, https:\/\/www.estudiarcocinaygastronomia.com\/wp-content\/uploads\/2024\/06\/image-1-768x576.png 768w\" sizes=\"auto, (max-width: 706px) 89vw, (max-width: 767px) 82vw, 740px\" \/><figcaption class=\"wp-element-caption\">Rosquillas de yema.<\/figcaption><\/figure>\n\n\n\n<figure class=\"wp-block-table\"><table><tbody><tr><td><strong>CANTIDADES<\/strong><\/td><td><strong>INGREDIENTES<\/strong><\/td><td><strong>CANTIDADES<\/strong><\/td><td><strong>INGREDIENTES<\/strong><\/td><\/tr><tr><td><br><\/td><td><strong>Hojaldre&nbsp;<\/strong><\/td><td><br><\/td><td><strong>Yema<\/strong><\/td><\/tr><tr><td>600 g<\/td><td>Harina de trigo(W = 180; P\/L = 0,6)<\/td><td>400 g<\/td><td>Huevos&nbsp;<\/td><\/tr><tr><td>300 g<\/td><td>Agua&nbsp;<\/td><td>400 g<\/td><td>Az\u00facar&nbsp;<\/td><\/tr><tr><td>10 g<\/td><td>Sal&nbsp;<\/td><td>180 g<\/td><td>Agua&nbsp;<\/td><\/tr><tr><td>30 g<\/td><td>Yemas&nbsp;<\/td><td>20 g<\/td><td>Almid\u00f3n&nbsp;<\/td><\/tr><tr><td>400 g<\/td><td>Mantequilla para laminar&nbsp;<\/td><td><br><\/td><td><strong>Alm\u00edbar&nbsp;<\/strong><\/td><\/tr><tr><td>100 g<\/td><td>Harina de trigo (W = 180; P\/L = 0,6)&nbsp;<\/td><td>350 g<\/td><td>Agua&nbsp;<br><\/td><\/tr><tr><td><br><\/td><td><strong>Glasa<\/strong><\/td><td>650 g<\/td><td>Az\u00facar&nbsp;<\/td><\/tr><tr><td>150 g<\/td><td>Agua&nbsp;<\/td><td><br><\/td><td><br><\/td><\/tr><tr><td>850 g<\/td><td>Az\u00facar lustre&nbsp;<\/td><td><br><\/td><td><br><\/td><\/tr><\/tbody><\/table><figcaption class=\"wp-element-caption\">Ingredientes y cantidades de las rosquillas.<\/figcaption><\/figure>\n\n\n\n<h2 class=\"wp-block-heading\">\u00bfC\u00f3mo hacer las rosquillas de yema?<\/h2>\n\n\n\n<figure class=\"wp-block-table\"><table><tbody><tr><td>1<\/td><td>Amasar todos los ingredientes del hojaldre. Menos la grasa para laminar y la harina que a\u00f1adiremos con ella. La elasticidad de la masa debe ser media.<\/td><\/tr><tr><td>2<\/td><td>Mezclar la grasa para laminar con los 100 g de harina y proceder a preparar el hojaldre, realizando cuatro vueltas dobles (de 4 pliegos). El total de capas ser\u00e1 de 500.<\/td><\/tr><tr><td>3<\/td><td>Laminar a un grosor aproximado de \u00b1 4 mm. Cortar con moldes adecuados.(donas)<\/td><\/tr><tr><td>4<\/td><td>Cocer a horno medio.<\/td><\/tr><tr><td>5<\/td><td>Mientras se hornea el hojaldre podemos preparar la yema. Procederemos mezclando todos los ingredientes que coceremos a fuego directo, restregando y removiendo constantemente con varilla. Cuando comience a cocer, a\u00f1adiremos poco a poco el jarabe. De esta forma conseguiremos una yema m\u00e1s fluida.<\/td><\/tr><tr><td>6<\/td><td>Seguiremos removiendo hasta que vuelva a cocer de nuevo todo el conjunto.<\/td><\/tr><tr><td>7<\/td><td>Podemos partir de una yema y un jarabe ya hecho anteriormente, pero siempre se cocer\u00e1n antes de ba\u00f1ar los hojaldres.<\/td><\/tr><tr><td>8<\/td><td>Con el hojaldre ya fr\u00edo, cubriremos las piezas con un ba\u00f1o de yema.<\/td><\/tr><tr><td>9<\/td><td>Dejaremos en reposo hasta que las piezas adquieran consistencia.<\/td><\/tr><tr><td>10<\/td><td>Por \u00faltimo, ba\u00f1aremos con la glasa caliente, secando las piezas en el horno sobre rejillas, y \u00e9stas sobre latas. Cuando las piezas adquieran una corteza ligera, ya estar\u00e1n listas.<\/td><\/tr><\/tbody><\/table><figcaption class=\"wp-element-caption\">Elaboraci\u00f3n de las rosquillas<\/figcaption><\/figure>\n\n\n\n<figure class=\"wp-block-embed is-type-video is-provider-youtube wp-block-embed-youtube wp-embed-aspect-16-9 wp-has-aspect-ratio\"><div class=\"wp-block-embed__wrapper\">\n<iframe loading=\"lazy\" title=\"ROSQUILLAS DE YEMA O DE ALCAL\u00c1\" width=\"525\" height=\"295\" src=\"https:\/\/www.youtube.com\/embed\/VQu6dBy4jzM?feature=oembed\" frameborder=\"0\" allow=\"accelerometer; autoplay; clipboard-write; encrypted-media; gyroscope; picture-in-picture; web-share\" referrerpolicy=\"strict-origin-when-cross-origin\" allowfullscreen><\/iframe>\n<\/div><\/figure>\n","protected":false},"excerpt":{"rendered":"<p>Las Rosquillas de Alcal\u00e1, tambi\u00e9n conocidas como rosquillas de yema, son una receta tradicional de la ciudad de Alcal\u00e1 de Henares, en Madrid. Estas deliciosas rosquillas est\u00e1n hechas de hojaldre, ba\u00f1adas en una suave crema de yema y glaseadas. Si las has probado, seguro sabes a qu\u00e9 me refiero: este dulce se deshace en la &hellip; <\/p>\n<p class=\"link-more\"><a href=\"https:\/\/www.estudiarcocinaygastronomia.com\/index.php\/rosquillas-de-yema-hojaldres\/\" class=\"more-link\">Continuar leyendo<span class=\"screen-reader-text\"> \u00abRosquillas de yema. Hojaldres.\u00bb<\/span><\/a><\/p>\n","protected":false},"author":1,"featured_media":0,"parent":0,"menu_order":0,"comment_status":"closed","ping_status":"closed","template":"","meta":{"footnotes":""},"class_list":["post-2154","page","type-page","status-publish","hentry"],"yoast_head":"<!-- This site is optimized with the Yoast SEO plugin v23.9 - https:\/\/yoast.com\/wordpress\/plugins\/seo\/ -->\n<title>Rosquillas de yema. Hojaldres.<\/title>\n<meta name=\"description\" content=\"Las Rosquillas de Alcal\u00e1, tambi\u00e9n conocidas como rosquillas de yema, son una receta tradicional de la ciudad de Alcal\u00e1 de Henares, en Madrid. Estas\" \/>\n<meta name=\"robots\" content=\"index, follow, max-snippet:-1, max-image-preview:large, max-video-preview:-1\" \/>\n<link rel=\"canonical\" href=\"https:\/\/www.estudiarcocinaygastronomia.com\/index.php\/rosquillas-de-yema-hojaldres\/\" \/>\n<meta property=\"og:locale\" content=\"es_ES\" \/>\n<meta property=\"og:type\" content=\"article\" \/>\n<meta property=\"og:title\" content=\"Rosquillas de yema. Hojaldres.\" \/>\n<meta property=\"og:description\" content=\"Las Rosquillas de Alcal\u00e1, tambi\u00e9n conocidas como rosquillas de yema, son una receta tradicional de la ciudad de Alcal\u00e1 de Henares, en Madrid. Estas\" \/>\n<meta property=\"og:url\" content=\"https:\/\/www.estudiarcocinaygastronomia.com\/index.php\/rosquillas-de-yema-hojaldres\/\" \/>\n<meta property=\"og:site_name\" content=\"Estudiar cocina y gastronom&iacute;a.\" \/>\n<meta property=\"article:modified_time\" content=\"2024-06-14T08:26:45+00:00\" \/>\n<meta property=\"og:image\" content=\"https:\/\/www.estudiarcocinaygastronomia.com\/wp-content\/uploads\/2024\/06\/image-1.png\" \/>\n<meta name=\"twitter:card\" content=\"summary_large_image\" \/>\n<meta name=\"twitter:label1\" content=\"Tiempo de lectura\" \/>\n\t<meta name=\"twitter:data1\" content=\"2 minutos\" \/>\n<script type=\"application\/ld+json\" class=\"yoast-schema-graph\">{\"@context\":\"https:\/\/schema.org\",\"@graph\":[{\"@type\":\"WebPage\",\"@id\":\"https:\/\/www.estudiarcocinaygastronomia.com\/index.php\/rosquillas-de-yema-hojaldres\/\",\"url\":\"https:\/\/www.estudiarcocinaygastronomia.com\/index.php\/rosquillas-de-yema-hojaldres\/\",\"name\":\"Rosquillas de yema. Hojaldres.\",\"isPartOf\":{\"@id\":\"https:\/\/www.estudiarcocinaygastronomia.com\/#website\"},\"primaryImageOfPage\":{\"@id\":\"https:\/\/www.estudiarcocinaygastronomia.com\/index.php\/rosquillas-de-yema-hojaldres\/#primaryimage\"},\"image\":{\"@id\":\"https:\/\/www.estudiarcocinaygastronomia.com\/index.php\/rosquillas-de-yema-hojaldres\/#primaryimage\"},\"thumbnailUrl\":\"https:\/\/www.estudiarcocinaygastronomia.com\/wp-content\/uploads\/2024\/06\/image-1.png\",\"datePublished\":\"2024-06-14T08:26:44+00:00\",\"dateModified\":\"2024-06-14T08:26:45+00:00\",\"description\":\"Las Rosquillas de Alcal\u00e1, tambi\u00e9n conocidas como rosquillas de yema, son una receta tradicional de la ciudad de Alcal\u00e1 de Henares, en Madrid. Estas\",\"breadcrumb\":{\"@id\":\"https:\/\/www.estudiarcocinaygastronomia.com\/index.php\/rosquillas-de-yema-hojaldres\/#breadcrumb\"},\"inLanguage\":\"es\",\"potentialAction\":[{\"@type\":\"ReadAction\",\"target\":[\"https:\/\/www.estudiarcocinaygastronomia.com\/index.php\/rosquillas-de-yema-hojaldres\/\"]}]},{\"@type\":\"ImageObject\",\"inLanguage\":\"es\",\"@id\":\"https:\/\/www.estudiarcocinaygastronomia.com\/index.php\/rosquillas-de-yema-hojaldres\/#primaryimage\",\"url\":\"https:\/\/www.estudiarcocinaygastronomia.com\/wp-content\/uploads\/2024\/06\/image-1.png\",\"contentUrl\":\"https:\/\/www.estudiarcocinaygastronomia.com\/wp-content\/uploads\/2024\/06\/image-1.png\",\"width\":1008,\"height\":756},{\"@type\":\"BreadcrumbList\",\"@id\":\"https:\/\/www.estudiarcocinaygastronomia.com\/index.php\/rosquillas-de-yema-hojaldres\/#breadcrumb\",\"itemListElement\":[{\"@type\":\"ListItem\",\"position\":1,\"name\":\"Portada\",\"item\":\"https:\/\/www.estudiarcocinaygastronomia.com\/\"},{\"@type\":\"ListItem\",\"position\":2,\"name\":\"Rosquillas de yema. Hojaldres.\"}]},{\"@type\":\"WebSite\",\"@id\":\"https:\/\/www.estudiarcocinaygastronomia.com\/#website\",\"url\":\"https:\/\/www.estudiarcocinaygastronomia.com\/\",\"name\":\"Estudiar cocina y gastronom&iacute;a.\",\"description\":\"Lo mejor de la hosteler&iacute;a y m&aacute;s, a un solo click.\",\"publisher\":{\"@id\":\"https:\/\/www.estudiarcocinaygastronomia.com\/#organization\"},\"potentialAction\":[{\"@type\":\"SearchAction\",\"target\":{\"@type\":\"EntryPoint\",\"urlTemplate\":\"https:\/\/www.estudiarcocinaygastronomia.com\/?s={search_term_string}\"},\"query-input\":{\"@type\":\"PropertyValueSpecification\",\"valueRequired\":true,\"valueName\":\"search_term_string\"}}],\"inLanguage\":\"es\"},{\"@type\":\"Organization\",\"@id\":\"https:\/\/www.estudiarcocinaygastronomia.com\/#organization\",\"name\":\"Estudiar cocina y gastronom&iacute;a.\",\"url\":\"https:\/\/www.estudiarcocinaygastronomia.com\/\",\"logo\":{\"@type\":\"ImageObject\",\"inLanguage\":\"es\",\"@id\":\"https:\/\/www.estudiarcocinaygastronomia.com\/#\/schema\/logo\/image\/\",\"url\":\"https:\/\/www.estudiarcocinaygastronomia.com\/wp-content\/uploads\/2020\/02\/cropped-noname-1.png\",\"contentUrl\":\"https:\/\/www.estudiarcocinaygastronomia.com\/wp-content\/uploads\/2020\/02\/cropped-noname-1.png\",\"width\":323,\"height\":250,\"caption\":\"Estudiar cocina y gastronom&iacute;a.\"},\"image\":{\"@id\":\"https:\/\/www.estudiarcocinaygastronomia.com\/#\/schema\/logo\/image\/\"}}]}<\/script>\n<!-- \/ Yoast SEO plugin. -->","yoast_head_json":{"title":"Rosquillas de yema. Hojaldres.","description":"Las Rosquillas de Alcal\u00e1, tambi\u00e9n conocidas como rosquillas de yema, son una receta tradicional de la ciudad de Alcal\u00e1 de Henares, en Madrid. Estas","robots":{"index":"index","follow":"follow","max-snippet":"max-snippet:-1","max-image-preview":"max-image-preview:large","max-video-preview":"max-video-preview:-1"},"canonical":"https:\/\/www.estudiarcocinaygastronomia.com\/index.php\/rosquillas-de-yema-hojaldres\/","og_locale":"es_ES","og_type":"article","og_title":"Rosquillas de yema. Hojaldres.","og_description":"Las Rosquillas de Alcal\u00e1, tambi\u00e9n conocidas como rosquillas de yema, son una receta tradicional de la ciudad de Alcal\u00e1 de Henares, en Madrid. Estas","og_url":"https:\/\/www.estudiarcocinaygastronomia.com\/index.php\/rosquillas-de-yema-hojaldres\/","og_site_name":"Estudiar cocina y gastronom&iacute;a.","article_modified_time":"2024-06-14T08:26:45+00:00","og_image":[{"url":"https:\/\/www.estudiarcocinaygastronomia.com\/wp-content\/uploads\/2024\/06\/image-1.png"}],"twitter_card":"summary_large_image","twitter_misc":{"Tiempo de lectura":"2 minutos"},"schema":{"@context":"https:\/\/schema.org","@graph":[{"@type":"WebPage","@id":"https:\/\/www.estudiarcocinaygastronomia.com\/index.php\/rosquillas-de-yema-hojaldres\/","url":"https:\/\/www.estudiarcocinaygastronomia.com\/index.php\/rosquillas-de-yema-hojaldres\/","name":"Rosquillas de yema. Hojaldres.","isPartOf":{"@id":"https:\/\/www.estudiarcocinaygastronomia.com\/#website"},"primaryImageOfPage":{"@id":"https:\/\/www.estudiarcocinaygastronomia.com\/index.php\/rosquillas-de-yema-hojaldres\/#primaryimage"},"image":{"@id":"https:\/\/www.estudiarcocinaygastronomia.com\/index.php\/rosquillas-de-yema-hojaldres\/#primaryimage"},"thumbnailUrl":"https:\/\/www.estudiarcocinaygastronomia.com\/wp-content\/uploads\/2024\/06\/image-1.png","datePublished":"2024-06-14T08:26:44+00:00","dateModified":"2024-06-14T08:26:45+00:00","description":"Las Rosquillas de Alcal\u00e1, tambi\u00e9n conocidas como rosquillas de yema, son una receta tradicional de la ciudad de Alcal\u00e1 de Henares, en Madrid. Estas","breadcrumb":{"@id":"https:\/\/www.estudiarcocinaygastronomia.com\/index.php\/rosquillas-de-yema-hojaldres\/#breadcrumb"},"inLanguage":"es","potentialAction":[{"@type":"ReadAction","target":["https:\/\/www.estudiarcocinaygastronomia.com\/index.php\/rosquillas-de-yema-hojaldres\/"]}]},{"@type":"ImageObject","inLanguage":"es","@id":"https:\/\/www.estudiarcocinaygastronomia.com\/index.php\/rosquillas-de-yema-hojaldres\/#primaryimage","url":"https:\/\/www.estudiarcocinaygastronomia.com\/wp-content\/uploads\/2024\/06\/image-1.png","contentUrl":"https:\/\/www.estudiarcocinaygastronomia.com\/wp-content\/uploads\/2024\/06\/image-1.png","width":1008,"height":756},{"@type":"BreadcrumbList","@id":"https:\/\/www.estudiarcocinaygastronomia.com\/index.php\/rosquillas-de-yema-hojaldres\/#breadcrumb","itemListElement":[{"@type":"ListItem","position":1,"name":"Portada","item":"https:\/\/www.estudiarcocinaygastronomia.com\/"},{"@type":"ListItem","position":2,"name":"Rosquillas de yema. Hojaldres."}]},{"@type":"WebSite","@id":"https:\/\/www.estudiarcocinaygastronomia.com\/#website","url":"https:\/\/www.estudiarcocinaygastronomia.com\/","name":"Estudiar cocina y gastronom&iacute;a.","description":"Lo mejor de la hosteler&iacute;a y m&aacute;s, a un solo click.","publisher":{"@id":"https:\/\/www.estudiarcocinaygastronomia.com\/#organization"},"potentialAction":[{"@type":"SearchAction","target":{"@type":"EntryPoint","urlTemplate":"https:\/\/www.estudiarcocinaygastronomia.com\/?s={search_term_string}"},"query-input":{"@type":"PropertyValueSpecification","valueRequired":true,"valueName":"search_term_string"}}],"inLanguage":"es"},{"@type":"Organization","@id":"https:\/\/www.estudiarcocinaygastronomia.com\/#organization","name":"Estudiar cocina y gastronom&iacute;a.","url":"https:\/\/www.estudiarcocinaygastronomia.com\/","logo":{"@type":"ImageObject","inLanguage":"es","@id":"https:\/\/www.estudiarcocinaygastronomia.com\/#\/schema\/logo\/image\/","url":"https:\/\/www.estudiarcocinaygastronomia.com\/wp-content\/uploads\/2020\/02\/cropped-noname-1.png","contentUrl":"https:\/\/www.estudiarcocinaygastronomia.com\/wp-content\/uploads\/2020\/02\/cropped-noname-1.png","width":323,"height":250,"caption":"Estudiar cocina y gastronom&iacute;a."},"image":{"@id":"https:\/\/www.estudiarcocinaygastronomia.com\/#\/schema\/logo\/image\/"}}]}},"_links":{"self":[{"href":"https:\/\/www.estudiarcocinaygastronomia.com\/index.php\/wp-json\/wp\/v2\/pages\/2154","targetHints":{"allow":["GET"]}}],"collection":[{"href":"https:\/\/www.estudiarcocinaygastronomia.com\/index.php\/wp-json\/wp\/v2\/pages"}],"about":[{"href":"https:\/\/www.estudiarcocinaygastronomia.com\/index.php\/wp-json\/wp\/v2\/types\/page"}],"author":[{"embeddable":true,"href":"https:\/\/www.estudiarcocinaygastronomia.com\/index.php\/wp-json\/wp\/v2\/users\/1"}],"replies":[{"embeddable":true,"href":"https:\/\/www.estudiarcocinaygastronomia.com\/index.php\/wp-json\/wp\/v2\/comments?post=2154"}],"version-history":[{"count":1,"href":"https:\/\/www.estudiarcocinaygastronomia.com\/index.php\/wp-json\/wp\/v2\/pages\/2154\/revisions"}],"predecessor-version":[{"id":2156,"href":"https:\/\/www.estudiarcocinaygastronomia.com\/index.php\/wp-json\/wp\/v2\/pages\/2154\/revisions\/2156"}],"wp:attachment":[{"href":"https:\/\/www.estudiarcocinaygastronomia.com\/index.php\/wp-json\/wp\/v2\/media?parent=2154"}],"curies":[{"name":"wp","href":"https:\/\/api.w.org\/{rel}","templated":true}]}}