{"id":2163,"date":"2024-06-17T07:57:32","date_gmt":"2024-06-17T07:57:32","guid":{"rendered":"https:\/\/www.estudiarcocinaygastronomia.com\/?page_id=2163"},"modified":"2024-06-17T07:57:33","modified_gmt":"2024-06-17T07:57:33","slug":"bizcocho-plancha-o-genoves","status":"publish","type":"page","link":"https:\/\/www.estudiarcocinaygastronomia.com\/index.php\/bizcocho-plancha-o-genoves\/","title":{"rendered":"Bizcocho plancha o Genov\u00e9s."},"content":{"rendered":"\n<p>La genovesa es un bizcocho franc\u00e9s creado por Fran\u00e7ois Massialot en honor a la ciudad de G\u00e9nova. A diferencia de otros bizcochos, no utiliza levadura qu\u00edmica, sino que incorpora aire en la masa para darle volumen durante su elaboraci\u00f3n. Se distingue del pain de G\u00eanes, un pastel de almendra, pero se asemeja al pan di Spagna en composici\u00f3n y uso b\u00e1sico. Se prepara con huevos enteros batidos con az\u00facar, calentados al ba\u00f1o Mar\u00eda hasta alcanzar el \u00abpunto cinta\u00bb. Es relativamente magro, ya que la mayor\u00eda de su grasa proviene de las yemas de huevo, aunque algunas recetas incluyen mantequilla derretida. La genovesa es un ingrediente fundamental en la reposter\u00eda francesa y se utiliza para hacer diferentes tipos de tartas. Se hornea en forma de cuadrado fino y puede enrollarse caliente para hacer brazos de gitano o troncos de Navidad, o cortarse en capas para rellenar con postres helados. Se rellena con gelatina, chocolate, fruta, crema pastelera o nata montada, y tambi\u00e9n se utiliza para hacer soletillas. Su textura el\u00e1stica y ligeramente seca hace que sea com\u00fan mojarla en jarabes aromatizados o licores, y a menudo se sirve con crema de mantequilla.<\/p>\n\n\n\n<figure class=\"wp-block-table\"><table><tbody><tr><td><strong>CANTIDAD<\/strong><\/td><td><strong>INGREDIENTES<\/strong><\/td><td><strong>CANTIDAD<\/strong><\/td><td><strong>INGREDIENTES<\/strong><\/td><\/tr><tr><td>6<\/td><td>Yemas<\/td><td>150 g<\/td><td>Harina floja<\/td><\/tr><tr><td>150<\/td><td>Az\u00facar<\/td><td>1\/2 Lim\u00f3n<\/td><td>\u00a0Ralladura<\/td><\/tr><tr><td>6<\/td><td>Claras<\/td><td><br><\/td><td><br><\/td><\/tr><\/tbody><\/table><figcaption class=\"wp-element-caption\">Ingredientes del bizcocho plancha.<\/figcaption><\/figure>\n\n\n\n<figure class=\"wp-block-table\"><table><tbody><tr><td>0.<\/td><td>Mise en place de g\u00e9neros y \u00fatiles.<\/td><\/tr><tr><td>1.<\/td><td>Montar las yemas al ba\u00f1o Mar\u00eda con la mitad del az\u00facar hasta la textura de lazo.<\/td><\/tr><tr><td>2.<\/td><td>Montar las claras incorporando el resto de az\u00facar poco a poco.<\/td><\/tr><tr><td>3.<\/td><td>Mezclar los dos batidos con delicadeza y finalmente agregar la harina tamizada en forma de lluvia.<\/td><\/tr><tr><td>4.<\/td><td>Extender en placas de 60 x 40&nbsp; a 1cm de grosor y cocer a 220\u00ba unos 8 min. Se puede utilizar una manga pastelera para escudillar.<\/td><\/tr><tr><td>5.<\/td><td>Sacar del horno y dejar enfriar.<\/td><\/tr><\/tbody><\/table><figcaption class=\"wp-element-caption\">Elaboraci\u00f3n de una plancha de bizcocho.<\/figcaption><\/figure>\n\n\n\n<figure class=\"wp-block-table\"><table><tbody><tr><td>1.<\/td><td>El tiempo de cocci\u00f3n depender\u00e1 del tipo de horno.<\/td><\/tr><tr><td>2.<\/td><td>Para realizar planchas de cacao sustituir 50 gr. de harina por cacao en polvo.<\/td><\/tr><tr><td>3.<\/td><td>Las planchas se pueden enriquecer una vez estirados con semillas, frutos rojos, frutos secos.<\/td><\/tr><\/tbody><\/table><figcaption class=\"wp-element-caption\">Observaciones.<\/figcaption><\/figure>\n\n\n\n<figure class=\"wp-block-embed is-type-video is-provider-youtube wp-block-embed-youtube wp-embed-aspect-16-9 wp-has-aspect-ratio\"><div class=\"wp-block-embed__wrapper\">\n<iframe loading=\"lazy\" title=\"\ud83c\udf82BIZCOCHO GENOV\u00c9S PLANCHA ESPONJOSO \ud83c\udf70 6min (Ligero, casero, jugoso, SIN LEVADURA)\" width=\"525\" height=\"295\" src=\"https:\/\/www.youtube.com\/embed\/uyJxuKM2juE?feature=oembed\" frameborder=\"0\" allow=\"accelerometer; autoplay; clipboard-write; encrypted-media; gyroscope; picture-in-picture; web-share\" referrerpolicy=\"strict-origin-when-cross-origin\" allowfullscreen><\/iframe>\n<\/div><figcaption class=\"wp-element-caption\">Como hacer bizcocho para tartas caseras.<\/figcaption><\/figure>\n\n\n\n<figure class=\"wp-block-embed is-type-wp-embed is-provider-estudiar-cocina-y-gastronom-iacute-a wp-block-embed-estudiar-cocina-y-gastronom-iacute-a\"><div class=\"wp-block-embed__wrapper\">\n<blockquote class=\"wp-embedded-content\" data-secret=\"FGzMkbDqe4\"><a href=\"https:\/\/www.estudiarcocinaygastronomia.com\/index.php\/2024\/03\/08\/tarta-san-marcos-de-nata-y-trufa\/\">\ud83c\udf70 Tarta San Marcos.<\/a><\/blockquote><iframe loading=\"lazy\" class=\"wp-embedded-content\" sandbox=\"allow-scripts\" security=\"restricted\" style=\"position: absolute; clip: rect(1px, 1px, 1px, 1px);\" title=\"\u00ab\ud83c\udf70 Tarta San Marcos.\u00bb \u2014 Estudiar cocina y gastronom&iacute;a.\" src=\"https:\/\/www.estudiarcocinaygastronomia.com\/index.php\/2024\/03\/08\/tarta-san-marcos-de-nata-y-trufa\/embed\/#?secret=KUqYHeMnvr#?secret=FGzMkbDqe4\" data-secret=\"FGzMkbDqe4\" width=\"525\" height=\"296\" frameborder=\"0\" marginwidth=\"0\" marginheight=\"0\" scrolling=\"no\"><\/iframe>\n<\/div><\/figure>\n","protected":false},"excerpt":{"rendered":"<p>La genovesa es un bizcocho franc\u00e9s creado por Fran\u00e7ois Massialot en honor a la ciudad de G\u00e9nova. A diferencia de otros bizcochos, no utiliza levadura qu\u00edmica, sino que incorpora aire en la masa para darle volumen durante su elaboraci\u00f3n. Se distingue del pain de G\u00eanes, un pastel de almendra, pero se asemeja al pan di &hellip; <\/p>\n<p class=\"link-more\"><a href=\"https:\/\/www.estudiarcocinaygastronomia.com\/index.php\/bizcocho-plancha-o-genoves\/\" class=\"more-link\">Continuar leyendo<span class=\"screen-reader-text\"> \u00abBizcocho plancha o Genov\u00e9s.\u00bb<\/span><\/a><\/p>\n","protected":false},"author":1,"featured_media":0,"parent":0,"menu_order":0,"comment_status":"closed","ping_status":"closed","template":"","meta":{"footnotes":""},"class_list":["post-2163","page","type-page","status-publish","hentry"],"yoast_head":"<!-- This site is optimized with the Yoast SEO plugin v23.9 - https:\/\/yoast.com\/wordpress\/plugins\/seo\/ -->\n<title>Bizcocho plancha o Genov\u00e9s.<\/title>\n<meta name=\"description\" content=\"La genovesa es un bizcocho franc\u00e9s creado por Fran\u00e7ois Massialot en honor a la ciudad de G\u00e9nova. A diferencia de otros bizcochos, no utiliza levadura\" \/>\n<meta name=\"robots\" content=\"index, follow, max-snippet:-1, max-image-preview:large, max-video-preview:-1\" \/>\n<link rel=\"canonical\" href=\"https:\/\/www.estudiarcocinaygastronomia.com\/index.php\/bizcocho-plancha-o-genoves\/\" \/>\n<meta property=\"og:locale\" content=\"es_ES\" \/>\n<meta property=\"og:type\" content=\"article\" \/>\n<meta property=\"og:title\" content=\"Bizcocho plancha o Genov\u00e9s.\" \/>\n<meta property=\"og:description\" content=\"La genovesa es un bizcocho franc\u00e9s creado por Fran\u00e7ois Massialot en honor a la ciudad de G\u00e9nova. A diferencia de otros bizcochos, no utiliza levadura\" \/>\n<meta property=\"og:url\" content=\"https:\/\/www.estudiarcocinaygastronomia.com\/index.php\/bizcocho-plancha-o-genoves\/\" \/>\n<meta property=\"og:site_name\" content=\"Estudiar cocina y gastronom&iacute;a.\" \/>\n<meta property=\"article:modified_time\" content=\"2024-06-17T07:57:33+00:00\" \/>\n<meta name=\"twitter:card\" content=\"summary_large_image\" \/>\n<meta name=\"twitter:label1\" content=\"Tiempo de lectura\" \/>\n\t<meta name=\"twitter:data1\" content=\"2 minutos\" \/>\n<script type=\"application\/ld+json\" class=\"yoast-schema-graph\">{\"@context\":\"https:\/\/schema.org\",\"@graph\":[{\"@type\":\"WebPage\",\"@id\":\"https:\/\/www.estudiarcocinaygastronomia.com\/index.php\/bizcocho-plancha-o-genoves\/\",\"url\":\"https:\/\/www.estudiarcocinaygastronomia.com\/index.php\/bizcocho-plancha-o-genoves\/\",\"name\":\"Bizcocho plancha o Genov\u00e9s.\",\"isPartOf\":{\"@id\":\"https:\/\/www.estudiarcocinaygastronomia.com\/#website\"},\"datePublished\":\"2024-06-17T07:57:32+00:00\",\"dateModified\":\"2024-06-17T07:57:33+00:00\",\"description\":\"La genovesa es un bizcocho franc\u00e9s creado por Fran\u00e7ois Massialot en honor a la ciudad de G\u00e9nova. A diferencia de otros bizcochos, no utiliza levadura\",\"breadcrumb\":{\"@id\":\"https:\/\/www.estudiarcocinaygastronomia.com\/index.php\/bizcocho-plancha-o-genoves\/#breadcrumb\"},\"inLanguage\":\"es\",\"potentialAction\":[{\"@type\":\"ReadAction\",\"target\":[\"https:\/\/www.estudiarcocinaygastronomia.com\/index.php\/bizcocho-plancha-o-genoves\/\"]}]},{\"@type\":\"BreadcrumbList\",\"@id\":\"https:\/\/www.estudiarcocinaygastronomia.com\/index.php\/bizcocho-plancha-o-genoves\/#breadcrumb\",\"itemListElement\":[{\"@type\":\"ListItem\",\"position\":1,\"name\":\"Portada\",\"item\":\"https:\/\/www.estudiarcocinaygastronomia.com\/\"},{\"@type\":\"ListItem\",\"position\":2,\"name\":\"Bizcocho plancha o Genov\u00e9s.\"}]},{\"@type\":\"WebSite\",\"@id\":\"https:\/\/www.estudiarcocinaygastronomia.com\/#website\",\"url\":\"https:\/\/www.estudiarcocinaygastronomia.com\/\",\"name\":\"Estudiar cocina y gastronom&iacute;a.\",\"description\":\"Lo mejor de la hosteler&iacute;a y m&aacute;s, a un solo click.\",\"publisher\":{\"@id\":\"https:\/\/www.estudiarcocinaygastronomia.com\/#organization\"},\"potentialAction\":[{\"@type\":\"SearchAction\",\"target\":{\"@type\":\"EntryPoint\",\"urlTemplate\":\"https:\/\/www.estudiarcocinaygastronomia.com\/?s={search_term_string}\"},\"query-input\":{\"@type\":\"PropertyValueSpecification\",\"valueRequired\":true,\"valueName\":\"search_term_string\"}}],\"inLanguage\":\"es\"},{\"@type\":\"Organization\",\"@id\":\"https:\/\/www.estudiarcocinaygastronomia.com\/#organization\",\"name\":\"Estudiar cocina y gastronom&iacute;a.\",\"url\":\"https:\/\/www.estudiarcocinaygastronomia.com\/\",\"logo\":{\"@type\":\"ImageObject\",\"inLanguage\":\"es\",\"@id\":\"https:\/\/www.estudiarcocinaygastronomia.com\/#\/schema\/logo\/image\/\",\"url\":\"https:\/\/www.estudiarcocinaygastronomia.com\/wp-content\/uploads\/2020\/02\/cropped-noname-1.png\",\"contentUrl\":\"https:\/\/www.estudiarcocinaygastronomia.com\/wp-content\/uploads\/2020\/02\/cropped-noname-1.png\",\"width\":323,\"height\":250,\"caption\":\"Estudiar cocina y gastronom&iacute;a.\"},\"image\":{\"@id\":\"https:\/\/www.estudiarcocinaygastronomia.com\/#\/schema\/logo\/image\/\"}}]}<\/script>\n<!-- \/ Yoast SEO plugin. -->","yoast_head_json":{"title":"Bizcocho plancha o Genov\u00e9s.","description":"La genovesa es un bizcocho franc\u00e9s creado por Fran\u00e7ois Massialot en honor a la ciudad de G\u00e9nova. A diferencia de otros bizcochos, no utiliza levadura","robots":{"index":"index","follow":"follow","max-snippet":"max-snippet:-1","max-image-preview":"max-image-preview:large","max-video-preview":"max-video-preview:-1"},"canonical":"https:\/\/www.estudiarcocinaygastronomia.com\/index.php\/bizcocho-plancha-o-genoves\/","og_locale":"es_ES","og_type":"article","og_title":"Bizcocho plancha o Genov\u00e9s.","og_description":"La genovesa es un bizcocho franc\u00e9s creado por Fran\u00e7ois Massialot en honor a la ciudad de G\u00e9nova. A diferencia de otros bizcochos, no utiliza levadura","og_url":"https:\/\/www.estudiarcocinaygastronomia.com\/index.php\/bizcocho-plancha-o-genoves\/","og_site_name":"Estudiar cocina y gastronom&iacute;a.","article_modified_time":"2024-06-17T07:57:33+00:00","twitter_card":"summary_large_image","twitter_misc":{"Tiempo de lectura":"2 minutos"},"schema":{"@context":"https:\/\/schema.org","@graph":[{"@type":"WebPage","@id":"https:\/\/www.estudiarcocinaygastronomia.com\/index.php\/bizcocho-plancha-o-genoves\/","url":"https:\/\/www.estudiarcocinaygastronomia.com\/index.php\/bizcocho-plancha-o-genoves\/","name":"Bizcocho plancha o Genov\u00e9s.","isPartOf":{"@id":"https:\/\/www.estudiarcocinaygastronomia.com\/#website"},"datePublished":"2024-06-17T07:57:32+00:00","dateModified":"2024-06-17T07:57:33+00:00","description":"La genovesa es un bizcocho franc\u00e9s creado por Fran\u00e7ois Massialot en honor a la ciudad de G\u00e9nova. A diferencia de otros bizcochos, no utiliza levadura","breadcrumb":{"@id":"https:\/\/www.estudiarcocinaygastronomia.com\/index.php\/bizcocho-plancha-o-genoves\/#breadcrumb"},"inLanguage":"es","potentialAction":[{"@type":"ReadAction","target":["https:\/\/www.estudiarcocinaygastronomia.com\/index.php\/bizcocho-plancha-o-genoves\/"]}]},{"@type":"BreadcrumbList","@id":"https:\/\/www.estudiarcocinaygastronomia.com\/index.php\/bizcocho-plancha-o-genoves\/#breadcrumb","itemListElement":[{"@type":"ListItem","position":1,"name":"Portada","item":"https:\/\/www.estudiarcocinaygastronomia.com\/"},{"@type":"ListItem","position":2,"name":"Bizcocho plancha o Genov\u00e9s."}]},{"@type":"WebSite","@id":"https:\/\/www.estudiarcocinaygastronomia.com\/#website","url":"https:\/\/www.estudiarcocinaygastronomia.com\/","name":"Estudiar cocina y gastronom&iacute;a.","description":"Lo mejor de la hosteler&iacute;a y m&aacute;s, a un solo click.","publisher":{"@id":"https:\/\/www.estudiarcocinaygastronomia.com\/#organization"},"potentialAction":[{"@type":"SearchAction","target":{"@type":"EntryPoint","urlTemplate":"https:\/\/www.estudiarcocinaygastronomia.com\/?s={search_term_string}"},"query-input":{"@type":"PropertyValueSpecification","valueRequired":true,"valueName":"search_term_string"}}],"inLanguage":"es"},{"@type":"Organization","@id":"https:\/\/www.estudiarcocinaygastronomia.com\/#organization","name":"Estudiar cocina y gastronom&iacute;a.","url":"https:\/\/www.estudiarcocinaygastronomia.com\/","logo":{"@type":"ImageObject","inLanguage":"es","@id":"https:\/\/www.estudiarcocinaygastronomia.com\/#\/schema\/logo\/image\/","url":"https:\/\/www.estudiarcocinaygastronomia.com\/wp-content\/uploads\/2020\/02\/cropped-noname-1.png","contentUrl":"https:\/\/www.estudiarcocinaygastronomia.com\/wp-content\/uploads\/2020\/02\/cropped-noname-1.png","width":323,"height":250,"caption":"Estudiar cocina y gastronom&iacute;a."},"image":{"@id":"https:\/\/www.estudiarcocinaygastronomia.com\/#\/schema\/logo\/image\/"}}]}},"_links":{"self":[{"href":"https:\/\/www.estudiarcocinaygastronomia.com\/index.php\/wp-json\/wp\/v2\/pages\/2163","targetHints":{"allow":["GET"]}}],"collection":[{"href":"https:\/\/www.estudiarcocinaygastronomia.com\/index.php\/wp-json\/wp\/v2\/pages"}],"about":[{"href":"https:\/\/www.estudiarcocinaygastronomia.com\/index.php\/wp-json\/wp\/v2\/types\/page"}],"author":[{"embeddable":true,"href":"https:\/\/www.estudiarcocinaygastronomia.com\/index.php\/wp-json\/wp\/v2\/users\/1"}],"replies":[{"embeddable":true,"href":"https:\/\/www.estudiarcocinaygastronomia.com\/index.php\/wp-json\/wp\/v2\/comments?post=2163"}],"version-history":[{"count":1,"href":"https:\/\/www.estudiarcocinaygastronomia.com\/index.php\/wp-json\/wp\/v2\/pages\/2163\/revisions"}],"predecessor-version":[{"id":2164,"href":"https:\/\/www.estudiarcocinaygastronomia.com\/index.php\/wp-json\/wp\/v2\/pages\/2163\/revisions\/2164"}],"wp:attachment":[{"href":"https:\/\/www.estudiarcocinaygastronomia.com\/index.php\/wp-json\/wp\/v2\/media?parent=2163"}],"curies":[{"name":"wp","href":"https:\/\/api.w.org\/{rel}","templated":true}]}}